{"id":101,"date":"2015-02-05T15:54:23","date_gmt":"2015-02-05T15:54:23","guid":{"rendered":"https:\/\/www.hygiene-office.fr\/boutique\/?post_type=product&#038;p=101"},"modified":"2024-03-13T13:19:41","modified_gmt":"2024-03-13T13:19:41","slug":"anaerotest-tests-doxygene","status":"publish","type":"product","link":"https:\/\/www.hygiene-office.fr\/boutique\/produit\/anaerotest-tests-doxygene\/","title":{"rendered":"ANAEROTEST &#8211; Tests d&rsquo;oxyg\u00e8ne"},"content":{"rendered":"<h2>L&rsquo;anaerotest est une\u00a0bandelette color\u00e9e permettant le contr\u00f4le d&rsquo;une anoxie<\/h2>\n<p>Une\u00a0petite bandelette\u00a0ana\u00e9rotest permet de contr\u00f4ler s&rsquo;il reste de l&rsquo;oxyg\u00e8ne dans la poche d&rsquo;anoxie par une r\u00e9action colorim\u00e9trique. Le r\u00e9actif passe de bleu (en pr\u00e9sence d&rsquo;oxyg\u00e8ne) \u00e0 blanc (en absence d&rsquo;O2).\u00a0Pensez \u00e0 r\u00e9aliser votre\u00a0poche d&rsquo;anoxie\u00a0avec au minimum un pan en <a title=\"Film transparent F115 AirS\u00e9cur\" href=\"https:\/\/www.hygiene-office.fr\/boutique\/produit\/film-transparent-f115-airsecur\/\">film P3700 transparent<\/a> pour pouvoir observer la bandelette color\u00e9e durant le traitement.<\/p>\n<p>Le r\u00e9actif doit \u00eatre mouill\u00e9 au pr\u00e9alable et fix\u00e9 \u00e0 l&rsquo;int\u00e9rieur de la bulle d&rsquo;anoxie. Le r\u00e9actif \u00e9tant pr\u00e9sent sur une seule face de la bandelette, v\u00e9rifiez qu&rsquo;il\u00a0ne soit pas en contact direct avec le film thermosoudable mais bien en direction de l&rsquo;int\u00e9rieur de la bulle.<\/p>\n<p>Le r\u00e9actif change de couleur sous 48 heures en r\u00e8gle g\u00e9n\u00e9rale, tout d\u00e9pend de la taille de la bulle d&rsquo;anoxie statique cr\u00e9\u00e9e et de la qualit\u00e9 des soudures r\u00e9alis\u00e9es sur les films thermosoudables. Nous vous conseillons de doubler vos soudures r\u00e9alis\u00e9es gr\u00e2ce \u00e0 une <a title=\"Pince de thermosoudure de 15 cm\" href=\"https:\/\/www.hygiene-office.fr\/boutique\/produit\/pince-de-thermosoudure-de-15-cm\/\">pince thermosoudante<\/a> adapt\u00e9e afin de garantir l&rsquo;\u00e9tanch\u00e9it\u00e9 de votre poche d&rsquo;anoxie.<\/p>\n<p>Conservez les bandelettes dans leur boite d&rsquo;origine sp\u00e9cifiquement adapt\u00e9e pour leur conservation.<\/p>\n<p><strong>Connaissez vous notre site internet d\u00e9di\u00e9 \u00e0 la protection du patrimoine artistique et culturel ? <a class=\"oajrlxb2 g5ia77u1 qu0x051f esr5mh6w e9989ue4 r7d6kgcz rq0escxv nhd2j8a9 nc684nl6 p7hjln8o kvgmc6g5 cxmmr5t8 oygrvhab hcukyx3x jb3vyjys rz4wbd8a qt6c0cv9 a8nywdso i1ao9s8h esuyzwwr f1sip0of lzcic4wl gpro0wi8 py34i1dx\" role=\"link\" href=\"https:\/\/anoxie.fr\/?fbclid=IwAR2WaHWzow4P0C_qyUAEviHmVM_nmRx1o-CsmETw83B4tASbX4q4TSiA_iU\" target=\"_blank\" rel=\"nofollow noopener\">https:\/\/anoxie.fr\/<\/a><\/strong><\/p>\n","protected":false},"excerpt":{"rendered":"<p>Les bandelettes anaerotest sont des d\u00e9tecteurs\u00a0d&rsquo;oxyg\u00e8ne\u00a0color\u00e9es permettant le contr\u00f4le des poches d&rsquo;anoxie statique cr\u00e9\u00e9es.<\/p>\n","protected":false},"featured_media":102,"template":"","meta":{"_et_pb_use_builder":"","_et_pb_old_content":"","_et_gb_content_width":""},"product_brand":[],"product_cat":[37,47],"product_tag":[82,44,73,221,222],"class_list":{"0":"post-101","1":"product","2":"type-product","3":"status-publish","4":"has-post-thumbnail","6":"product_cat-materiel-de-desinsectisation-par-anoxie-statique","7":"product_cat-oxymetres-portatifs-o2","8":"product_tag-absorbeurs-doxygene","9":"product_tag-anoxie","10":"product_tag-anoxie-statique","11":"product_tag-controle","12":"product_tag-tests-colores","14":"first","15":"instock","16":"taxable","17":"shipping-taxable","18":"purchasable","19":"product-type-simple"},"yoast_head":"<!-- This site is optimized with the Yoast SEO plugin v25.6 - https:\/\/yoast.com\/wordpress\/plugins\/seo\/ -->\n<title>ANAEROTEST - Tests d&#039;oxyg\u00e8ne - Hygi\u00e8ne Office - La boutique<\/title>\n<meta name=\"description\" content=\"Les bandelettes anaerotest sont des d\u00e9tecteurs d&#039;oxyg\u00e8ne color\u00e9es simples d&#039;utilisation permettant le contr\u00f4le des poches d&#039;anoxie statique r\u00e9alis\u00e9es.\" \/>\n<meta name=\"robots\" content=\"index, follow, max-snippet:-1, max-image-preview:large, max-video-preview:-1\" \/>\n<link rel=\"canonical\" href=\"https:\/\/www.hygiene-office.fr\/boutique\/produit\/anaerotest-tests-doxygene\/\" \/>\n<meta property=\"og:locale\" content=\"fr_FR\" \/>\n<meta property=\"og:type\" content=\"article\" \/>\n<meta property=\"og:title\" content=\"ANAEROTEST - Tests d&#039;oxyg\u00e8ne - Hygi\u00e8ne Office - La boutique\" \/>\n<meta property=\"og:description\" content=\"Les bandelettes anaerotest sont des d\u00e9tecteurs d&#039;oxyg\u00e8ne color\u00e9es simples d&#039;utilisation permettant le contr\u00f4le des poches d&#039;anoxie statique r\u00e9alis\u00e9es.\" \/>\n<meta property=\"og:url\" content=\"https:\/\/www.hygiene-office.fr\/boutique\/produit\/anaerotest-tests-doxygene\/\" \/>\n<meta property=\"og:site_name\" content=\"Hygi\u00e8ne Office - La boutique\" \/>\n<meta property=\"article:modified_time\" content=\"2024-03-13T13:19:41+00:00\" \/>\n<meta property=\"og:image\" content=\"https:\/\/i1.wp.com\/www.hygiene-office.fr\/boutique\/wp-content\/uploads\/2015\/02\/anaerotest.png?fit=572%2C572&ssl=1\" \/>\n\t<meta property=\"og:image:width\" content=\"572\" \/>\n\t<meta property=\"og:image:height\" content=\"572\" \/>\n\t<meta property=\"og:image:type\" content=\"image\/png\" \/>\n<meta name=\"twitter:label1\" content=\"Dur\u00e9e de lecture estim\u00e9e\" \/>\n\t<meta name=\"twitter:data1\" content=\"1 minute\" \/>\n<script type=\"application\/ld+json\" class=\"yoast-schema-graph\">{\"@context\":\"https:\/\/schema.org\",\"@graph\":[{\"@type\":\"WebPage\",\"@id\":\"https:\/\/www.hygiene-office.fr\/boutique\/produit\/anaerotest-tests-doxygene\/\",\"url\":\"https:\/\/www.hygiene-office.fr\/boutique\/produit\/anaerotest-tests-doxygene\/\",\"name\":\"ANAEROTEST - Tests d'oxyg\u00e8ne - Hygi\u00e8ne Office - La boutique\",\"isPartOf\":{\"@id\":\"https:\/\/www.hygiene-office.fr\/boutique\/#website\"},\"primaryImageOfPage\":{\"@id\":\"https:\/\/www.hygiene-office.fr\/boutique\/produit\/anaerotest-tests-doxygene\/#primaryimage\"},\"image\":{\"@id\":\"https:\/\/www.hygiene-office.fr\/boutique\/produit\/anaerotest-tests-doxygene\/#primaryimage\"},\"thumbnailUrl\":\"https:\/\/www.hygiene-office.fr\/boutique\/wp-content\/uploads\/2015\/02\/anaerotest.png\",\"datePublished\":\"2015-02-05T15:54:23+00:00\",\"dateModified\":\"2024-03-13T13:19:41+00:00\",\"description\":\"Les bandelettes anaerotest sont des d\u00e9tecteurs d'oxyg\u00e8ne color\u00e9es simples d'utilisation permettant le contr\u00f4le des poches d'anoxie statique r\u00e9alis\u00e9es.\",\"breadcrumb\":{\"@id\":\"https:\/\/www.hygiene-office.fr\/boutique\/produit\/anaerotest-tests-doxygene\/#breadcrumb\"},\"inLanguage\":\"fr-FR\",\"potentialAction\":[{\"@type\":\"ReadAction\",\"target\":[\"https:\/\/www.hygiene-office.fr\/boutique\/produit\/anaerotest-tests-doxygene\/\"]}]},{\"@type\":\"ImageObject\",\"inLanguage\":\"fr-FR\",\"@id\":\"https:\/\/www.hygiene-office.fr\/boutique\/produit\/anaerotest-tests-doxygene\/#primaryimage\",\"url\":\"https:\/\/www.hygiene-office.fr\/boutique\/wp-content\/uploads\/2015\/02\/anaerotest.png\",\"contentUrl\":\"https:\/\/www.hygiene-office.fr\/boutique\/wp-content\/uploads\/2015\/02\/anaerotest.png\",\"width\":572,\"height\":572,\"caption\":\"anaerotest\"},{\"@type\":\"BreadcrumbList\",\"@id\":\"https:\/\/www.hygiene-office.fr\/boutique\/produit\/anaerotest-tests-doxygene\/#breadcrumb\",\"itemListElement\":[{\"@type\":\"ListItem\",\"position\":1,\"name\":\"Accueil\",\"item\":\"https:\/\/www.hygiene-office.fr\/boutique\/\"},{\"@type\":\"ListItem\",\"position\":2,\"name\":\"ANAEROTEST &#8211; Tests d&rsquo;oxyg\u00e8ne\"}]},{\"@type\":\"WebSite\",\"@id\":\"https:\/\/www.hygiene-office.fr\/boutique\/#website\",\"url\":\"https:\/\/www.hygiene-office.fr\/boutique\/\",\"name\":\"Hygi\u00e8ne Office - La boutique\",\"description\":\"tous vos produits \u00e0 port\u00e9e de clic\",\"publisher\":{\"@id\":\"https:\/\/www.hygiene-office.fr\/boutique\/#organization\"},\"potentialAction\":[{\"@type\":\"SearchAction\",\"target\":{\"@type\":\"EntryPoint\",\"urlTemplate\":\"https:\/\/www.hygiene-office.fr\/boutique\/?s={search_term_string}\"},\"query-input\":{\"@type\":\"PropertyValueSpecification\",\"valueRequired\":true,\"valueName\":\"search_term_string\"}}],\"inLanguage\":\"fr-FR\"},{\"@type\":\"Organization\",\"@id\":\"https:\/\/www.hygiene-office.fr\/boutique\/#organization\",\"name\":\"Hygi\u00e8ne Office - La boutique\",\"url\":\"https:\/\/www.hygiene-office.fr\/boutique\/\",\"logo\":{\"@type\":\"ImageObject\",\"inLanguage\":\"fr-FR\",\"@id\":\"https:\/\/www.hygiene-office.fr\/boutique\/#\/schema\/logo\/image\/\",\"url\":\"\",\"contentUrl\":\"\",\"caption\":\"Hygi\u00e8ne Office - La boutique\"},\"image\":{\"@id\":\"https:\/\/www.hygiene-office.fr\/boutique\/#\/schema\/logo\/image\/\"}}]}<\/script>\n<!-- \/ Yoast SEO plugin. -->","yoast_head_json":{"title":"ANAEROTEST - Tests d'oxyg\u00e8ne - Hygi\u00e8ne Office - La boutique","description":"Les bandelettes anaerotest sont des d\u00e9tecteurs d'oxyg\u00e8ne color\u00e9es simples d'utilisation permettant le contr\u00f4le des poches d'anoxie statique r\u00e9alis\u00e9es.","robots":{"index":"index","follow":"follow","max-snippet":"max-snippet:-1","max-image-preview":"max-image-preview:large","max-video-preview":"max-video-preview:-1"},"canonical":"https:\/\/www.hygiene-office.fr\/boutique\/produit\/anaerotest-tests-doxygene\/","og_locale":"fr_FR","og_type":"article","og_title":"ANAEROTEST - Tests d'oxyg\u00e8ne - Hygi\u00e8ne Office - La boutique","og_description":"Les bandelettes anaerotest sont des d\u00e9tecteurs d'oxyg\u00e8ne color\u00e9es simples d'utilisation permettant le contr\u00f4le des poches d'anoxie statique r\u00e9alis\u00e9es.","og_url":"https:\/\/www.hygiene-office.fr\/boutique\/produit\/anaerotest-tests-doxygene\/","og_site_name":"Hygi\u00e8ne Office - La boutique","article_modified_time":"2024-03-13T13:19:41+00:00","og_image":[{"width":572,"height":572,"url":"https:\/\/i1.wp.com\/www.hygiene-office.fr\/boutique\/wp-content\/uploads\/2015\/02\/anaerotest.png?fit=572%2C572&ssl=1","type":"image\/png"}],"twitter_misc":{"Dur\u00e9e de lecture estim\u00e9e":"1 minute"},"schema":{"@context":"https:\/\/schema.org","@graph":[{"@type":"WebPage","@id":"https:\/\/www.hygiene-office.fr\/boutique\/produit\/anaerotest-tests-doxygene\/","url":"https:\/\/www.hygiene-office.fr\/boutique\/produit\/anaerotest-tests-doxygene\/","name":"ANAEROTEST - Tests d'oxyg\u00e8ne - Hygi\u00e8ne Office - La boutique","isPartOf":{"@id":"https:\/\/www.hygiene-office.fr\/boutique\/#website"},"primaryImageOfPage":{"@id":"https:\/\/www.hygiene-office.fr\/boutique\/produit\/anaerotest-tests-doxygene\/#primaryimage"},"image":{"@id":"https:\/\/www.hygiene-office.fr\/boutique\/produit\/anaerotest-tests-doxygene\/#primaryimage"},"thumbnailUrl":"https:\/\/www.hygiene-office.fr\/boutique\/wp-content\/uploads\/2015\/02\/anaerotest.png","datePublished":"2015-02-05T15:54:23+00:00","dateModified":"2024-03-13T13:19:41+00:00","description":"Les bandelettes anaerotest sont des d\u00e9tecteurs d'oxyg\u00e8ne color\u00e9es simples d'utilisation permettant le contr\u00f4le des poches d'anoxie statique r\u00e9alis\u00e9es.","breadcrumb":{"@id":"https:\/\/www.hygiene-office.fr\/boutique\/produit\/anaerotest-tests-doxygene\/#breadcrumb"},"inLanguage":"fr-FR","potentialAction":[{"@type":"ReadAction","target":["https:\/\/www.hygiene-office.fr\/boutique\/produit\/anaerotest-tests-doxygene\/"]}]},{"@type":"ImageObject","inLanguage":"fr-FR","@id":"https:\/\/www.hygiene-office.fr\/boutique\/produit\/anaerotest-tests-doxygene\/#primaryimage","url":"https:\/\/www.hygiene-office.fr\/boutique\/wp-content\/uploads\/2015\/02\/anaerotest.png","contentUrl":"https:\/\/www.hygiene-office.fr\/boutique\/wp-content\/uploads\/2015\/02\/anaerotest.png","width":572,"height":572,"caption":"anaerotest"},{"@type":"BreadcrumbList","@id":"https:\/\/www.hygiene-office.fr\/boutique\/produit\/anaerotest-tests-doxygene\/#breadcrumb","itemListElement":[{"@type":"ListItem","position":1,"name":"Accueil","item":"https:\/\/www.hygiene-office.fr\/boutique\/"},{"@type":"ListItem","position":2,"name":"ANAEROTEST &#8211; Tests d&rsquo;oxyg\u00e8ne"}]},{"@type":"WebSite","@id":"https:\/\/www.hygiene-office.fr\/boutique\/#website","url":"https:\/\/www.hygiene-office.fr\/boutique\/","name":"Hygi\u00e8ne Office - La boutique","description":"tous vos produits \u00e0 port\u00e9e de clic","publisher":{"@id":"https:\/\/www.hygiene-office.fr\/boutique\/#organization"},"potentialAction":[{"@type":"SearchAction","target":{"@type":"EntryPoint","urlTemplate":"https:\/\/www.hygiene-office.fr\/boutique\/?s={search_term_string}"},"query-input":{"@type":"PropertyValueSpecification","valueRequired":true,"valueName":"search_term_string"}}],"inLanguage":"fr-FR"},{"@type":"Organization","@id":"https:\/\/www.hygiene-office.fr\/boutique\/#organization","name":"Hygi\u00e8ne Office - La boutique","url":"https:\/\/www.hygiene-office.fr\/boutique\/","logo":{"@type":"ImageObject","inLanguage":"fr-FR","@id":"https:\/\/www.hygiene-office.fr\/boutique\/#\/schema\/logo\/image\/","url":"","contentUrl":"","caption":"Hygi\u00e8ne Office - La boutique"},"image":{"@id":"https:\/\/www.hygiene-office.fr\/boutique\/#\/schema\/logo\/image\/"}}]}},"_links":{"self":[{"href":"https:\/\/www.hygiene-office.fr\/boutique\/wp-json\/wp\/v2\/product\/101","targetHints":{"allow":["GET"]}}],"collection":[{"href":"https:\/\/www.hygiene-office.fr\/boutique\/wp-json\/wp\/v2\/product"}],"about":[{"href":"https:\/\/www.hygiene-office.fr\/boutique\/wp-json\/wp\/v2\/types\/product"}],"wp:featuredmedia":[{"embeddable":true,"href":"https:\/\/www.hygiene-office.fr\/boutique\/wp-json\/wp\/v2\/media\/102"}],"wp:attachment":[{"href":"https:\/\/www.hygiene-office.fr\/boutique\/wp-json\/wp\/v2\/media?parent=101"}],"wp:term":[{"taxonomy":"product_brand","embeddable":true,"href":"https:\/\/www.hygiene-office.fr\/boutique\/wp-json\/wp\/v2\/product_brand?post=101"},{"taxonomy":"product_cat","embeddable":true,"href":"https:\/\/www.hygiene-office.fr\/boutique\/wp-json\/wp\/v2\/product_cat?post=101"},{"taxonomy":"product_tag","embeddable":true,"href":"https:\/\/www.hygiene-office.fr\/boutique\/wp-json\/wp\/v2\/product_tag?post=101"}],"curies":[{"name":"wp","href":"https:\/\/api.w.org\/{rel}","templated":true}]}}