{"id":103,"date":"2015-02-05T15:59:59","date_gmt":"2015-02-05T15:59:59","guid":{"rendered":"https:\/\/www.hygiene-office.fr\/boutique\/?post_type=product&#038;p=103"},"modified":"2026-02-13T17:13:26","modified_gmt":"2026-02-13T17:13:26","slug":"pince-de-thermosoudure-de-30-cm","status":"publish","type":"product","link":"https:\/\/www.hygiene-office.fr\/boutique\/produit\/pince-de-thermosoudure-de-30-cm\/","title":{"rendered":"Pince de thermosoudure de 30 cm"},"content":{"rendered":"<h1><strong>Pince thermique 30 cm \u2013 Pince de thermo-soudure PST 30 pour films aluminium et poly\u00e9thyl\u00e8ne<\/strong><\/h1>\n<p>D\u00e9couvrez la <strong>pince thermique 30 cm<\/strong> de <strong>Hygi\u00e8ne Office<\/strong>, con\u00e7ue pour le <strong>scellage rapide et efficace<\/strong> de grandes longueurs de films. Id\u00e9ale pour la r\u00e9alisation de <strong>grandes poches plates d\u2019anoxie<\/strong>, comme le traitement de grands cadres ou ch\u00e2ssis, cette pince est sp\u00e9cialement adapt\u00e9e aux films plastifi\u00e9s, <a href=\"https:\/\/www.hygiene-office.fr\/boutique\/produit\/film-alu-fa30-airsecur\/\" target=\"_blank\" rel=\"noopener\">aluminium<\/a> <strong>S27<\/strong> et <a href=\"https:\/\/www.hygiene-office.fr\/boutique\/produit\/film-transparent-f115-airsecur\/\" target=\"_blank\" rel=\"noopener\">poly\u00e9thyl\u00e8ne<\/a> <strong>P3700<\/strong>.<\/p>\n<h3><strong>Pourquoi choisir la pince PST 30 ?<\/strong><\/h3>\n<ul>\n<li><strong>Efficacit\u00e9 optimale<\/strong> : Avec une <strong>longueur de scellage de 30 cm<\/strong> (300 mm) et une largeur de 12 mm, elle permet de souder rapidement et en une seule op\u00e9ration.<\/li>\n<li><strong>Contr\u00f4le pr\u00e9cis de la temp\u00e9rature<\/strong> : R\u00e9gulation <strong>thermostatique<\/strong> int\u00e9gr\u00e9e, r\u00e9glable directement sur la pince via une molette. La temp\u00e9rature id\u00e9ale de <strong>180\u00b0C<\/strong> est facile \u00e0 atteindre pour un scellage parfait.<\/li>\n<li><strong>Robuste et portable<\/strong> : Poids de <strong>1,8 kg<\/strong>, cette pince reste maniable malgr\u00e9 sa puissance.<\/li>\n<li><strong>Puissance adapt\u00e9e<\/strong> : Alimentation en <strong>230 V (50 Hz)<\/strong> avec une <strong>puissance absorb\u00e9e de 400 W<\/strong>, garantissant des performances constantes.<\/li>\n<\/ul>\n<p>&nbsp;<\/p>\n<h3><strong>Location et livraison<\/strong><\/h3>\n<p class=\"whitespace-break-spaces\" dir=\"auto\">Besoin d\u2019une solution temporaire ? <strong>Hygi\u00e8ne Office<\/strong> propose la <strong>location de cette pince thermique 30 cm<\/strong> pour de courtes dur\u00e9es. Nous pouvons m\u00eame <strong>l\u2019exp\u00e9dier directement sur votre lieu de travail<\/strong> en France m\u00e9tropolitaine (r\u00e9ception par une personne obligatoire).<\/p>\n<h3><strong>Documentation et ressources<\/strong><\/h3>\n<p class=\"whitespace-break-spaces\" dir=\"auto\">T\u00e9l\u00e9chargez la <strong>documentation compl\u00e8te<\/strong> de la pince PST 30 pour plus d\u2019informations techniques.<\/p>\n<p><a href=\"https:\/\/www.hygiene-office.fr\/boutique\/wp-content\/uploads\/2015\/03\/Doc-des-pinces-\u00e0-souder-2015.pdf\" target=\"_blank\" rel=\"noopener\"><img loading=\"lazy\" decoding=\"async\" class=\" wp-image-283 alignleft\" src=\"https:\/\/www.hygiene-office.fr\/boutique\/wp-content\/uploads\/2015\/02\/pdf_icon-128x128.png\" alt=\"t\u00e9l\u00e9charger la fiche technique\" width=\"40\" height=\"40\" \/><\/a><a title=\"t\u00e9l\u00e9charger la fiche technique\" href=\"https:\/\/www.hygiene-office.fr\/boutique\/wp-content\/uploads\/2015\/03\/Doc-des-pinces-\u00e0-souder-2015.pdf\" target=\"_blank\" rel=\"noopener\">T\u00e9l\u00e9charger la documentation des pinces \u00e0 souder.<\/a><\/p>\n<p>&nbsp;<\/p>\n<p>&nbsp;<\/p>\n<p><strong>Connaissez vous notre site internet d\u00e9di\u00e9 \u00e0 la protection du patrimoine artistique et culturel ? <a class=\"oajrlxb2 g5ia77u1 qu0x051f esr5mh6w e9989ue4 r7d6kgcz rq0escxv nhd2j8a9 nc684nl6 p7hjln8o kvgmc6g5 cxmmr5t8 oygrvhab hcukyx3x jb3vyjys rz4wbd8a qt6c0cv9 a8nywdso i1ao9s8h esuyzwwr f1sip0of lzcic4wl gpro0wi8 py34i1dx\" role=\"link\" href=\"https:\/\/anoxie.fr\/?fbclid=IwAR2WaHWzow4P0C_qyUAEviHmVM_nmRx1o-CsmETw83B4tASbX4q4TSiA_iU\" target=\"_blank\" rel=\"nofollow noopener\">https:\/\/anoxie.fr\/<\/a><\/strong><\/p>\n<p>&nbsp;<\/p>\n","protected":false},"excerpt":{"rendered":"<p>Pince thermosoudante PST 30 pour anoxie statique. Longueur de scellage de 30 cm, poids de la pince \u00a01,8 Kg.<\/p>\n<p>Id\u00e9ale pour la r\u00e9alisation de poches plates grands formats.<\/p>\n","protected":false},"featured_media":104,"template":"","meta":{"_et_pb_use_builder":"","_et_pb_old_content":"","_et_gb_content_width":""},"product_brand":[],"product_cat":[37,43],"product_tag":[216,44,73,84,68,69,215,45,248,152,214,218,213,212,252,250,251,249],"class_list":{"0":"post-103","1":"product","2":"type-product","3":"status-publish","4":"has-post-thumbnail","6":"product_cat-materiel-de-desinsectisation-par-anoxie-statique","7":"product_cat-pinces-thermo-soudantes","8":"product_tag-aluminium","9":"product_tag-anoxie","10":"product_tag-anoxie-statique","11":"product_tag-f115","12":"product_tag-fa30","13":"product_tag-film","14":"product_tag-films","15":"product_tag-pince","16":"product_tag-pince-chauffante","17":"product_tag-poche","18":"product_tag-polyethylene","19":"product_tag-pst","20":"product_tag-pst30","21":"product_tag-scellage","22":"product_tag-thermo-soudante","23":"product_tag-thermo-soudure","24":"product_tag-thermosoudante","25":"product_tag-thermosoudure","27":"first","28":"instock","29":"taxable","30":"shipping-taxable","31":"purchasable","32":"product-type-simple"},"yoast_head":"<!-- This site is optimized with the Yoast SEO plugin v25.6 - https:\/\/yoast.com\/wordpress\/plugins\/seo\/ -->\n<title>Pince de thermosoudure de 30 cm - Hygi\u00e8ne Office - La boutique<\/title>\n<meta name=\"description\" content=\"Pince de thermosoudure permettant le scellage de films pour anoxie statique. Longueur de soudage de 30 cm : pour r\u00e9aliser des poches plates grand format.\" \/>\n<meta name=\"robots\" content=\"index, follow, max-snippet:-1, max-image-preview:large, max-video-preview:-1\" \/>\n<link rel=\"canonical\" href=\"https:\/\/www.hygiene-office.fr\/boutique\/produit\/pince-de-thermosoudure-de-30-cm\/\" \/>\n<meta property=\"og:locale\" content=\"fr_FR\" \/>\n<meta property=\"og:type\" content=\"article\" \/>\n<meta property=\"og:title\" content=\"Pince de thermosoudure de 30 cm - Hygi\u00e8ne Office - La boutique\" \/>\n<meta property=\"og:description\" content=\"Pince de thermosoudure permettant le scellage de films pour anoxie statique. Longueur de soudage de 30 cm : pour r\u00e9aliser des poches plates grand format.\" \/>\n<meta property=\"og:url\" content=\"https:\/\/www.hygiene-office.fr\/boutique\/produit\/pince-de-thermosoudure-de-30-cm\/\" \/>\n<meta property=\"og:site_name\" content=\"Hygi\u00e8ne Office - La boutique\" \/>\n<meta property=\"article:modified_time\" content=\"2026-02-13T17:13:26+00:00\" \/>\n<meta property=\"og:image\" content=\"https:\/\/www.hygiene-office.fr\/boutique\/wp-content\/uploads\/2015\/02\/pince-thermo-soudage.png\" \/>\n\t<meta property=\"og:image:width\" content=\"667\" \/>\n\t<meta property=\"og:image:height\" content=\"667\" \/>\n\t<meta property=\"og:image:type\" content=\"image\/png\" \/>\n<meta name=\"twitter:label1\" content=\"Dur\u00e9e de lecture estim\u00e9e\" \/>\n\t<meta name=\"twitter:data1\" content=\"2 minutes\" \/>\n<script type=\"application\/ld+json\" class=\"yoast-schema-graph\">{\"@context\":\"https:\/\/schema.org\",\"@graph\":[{\"@type\":\"WebPage\",\"@id\":\"https:\/\/www.hygiene-office.fr\/boutique\/produit\/pince-de-thermosoudure-de-30-cm\/\",\"url\":\"https:\/\/www.hygiene-office.fr\/boutique\/produit\/pince-de-thermosoudure-de-30-cm\/\",\"name\":\"Pince de thermosoudure de 30 cm - Hygi\u00e8ne Office - La boutique\",\"isPartOf\":{\"@id\":\"https:\/\/www.hygiene-office.fr\/boutique\/#website\"},\"primaryImageOfPage\":{\"@id\":\"https:\/\/www.hygiene-office.fr\/boutique\/produit\/pince-de-thermosoudure-de-30-cm\/#primaryimage\"},\"image\":{\"@id\":\"https:\/\/www.hygiene-office.fr\/boutique\/produit\/pince-de-thermosoudure-de-30-cm\/#primaryimage\"},\"thumbnailUrl\":\"https:\/\/www.hygiene-office.fr\/boutique\/wp-content\/uploads\/2015\/02\/pince-thermo-soudage.png\",\"datePublished\":\"2015-02-05T15:59:59+00:00\",\"dateModified\":\"2026-02-13T17:13:26+00:00\",\"description\":\"Pince de thermosoudure permettant le scellage de films pour anoxie statique. Longueur de soudage de 30 cm : pour r\u00e9aliser des poches plates grand format.\",\"breadcrumb\":{\"@id\":\"https:\/\/www.hygiene-office.fr\/boutique\/produit\/pince-de-thermosoudure-de-30-cm\/#breadcrumb\"},\"inLanguage\":\"fr-FR\",\"potentialAction\":[{\"@type\":\"ReadAction\",\"target\":[\"https:\/\/www.hygiene-office.fr\/boutique\/produit\/pince-de-thermosoudure-de-30-cm\/\"]}]},{\"@type\":\"ImageObject\",\"inLanguage\":\"fr-FR\",\"@id\":\"https:\/\/www.hygiene-office.fr\/boutique\/produit\/pince-de-thermosoudure-de-30-cm\/#primaryimage\",\"url\":\"https:\/\/www.hygiene-office.fr\/boutique\/wp-content\/uploads\/2015\/02\/pince-thermo-soudage.png\",\"contentUrl\":\"https:\/\/www.hygiene-office.fr\/boutique\/wp-content\/uploads\/2015\/02\/pince-thermo-soudage.png\",\"width\":667,\"height\":667,\"caption\":\"pince de thermosoudure de 30cm\"},{\"@type\":\"BreadcrumbList\",\"@id\":\"https:\/\/www.hygiene-office.fr\/boutique\/produit\/pince-de-thermosoudure-de-30-cm\/#breadcrumb\",\"itemListElement\":[{\"@type\":\"ListItem\",\"position\":1,\"name\":\"Accueil\",\"item\":\"https:\/\/www.hygiene-office.fr\/boutique\/\"},{\"@type\":\"ListItem\",\"position\":2,\"name\":\"Pince de thermosoudure de 30 cm\"}]},{\"@type\":\"WebSite\",\"@id\":\"https:\/\/www.hygiene-office.fr\/boutique\/#website\",\"url\":\"https:\/\/www.hygiene-office.fr\/boutique\/\",\"name\":\"Hygi\u00e8ne Office - La boutique\",\"description\":\"tous vos produits \u00e0 port\u00e9e de clic\",\"publisher\":{\"@id\":\"https:\/\/www.hygiene-office.fr\/boutique\/#organization\"},\"potentialAction\":[{\"@type\":\"SearchAction\",\"target\":{\"@type\":\"EntryPoint\",\"urlTemplate\":\"https:\/\/www.hygiene-office.fr\/boutique\/?s={search_term_string}\"},\"query-input\":{\"@type\":\"PropertyValueSpecification\",\"valueRequired\":true,\"valueName\":\"search_term_string\"}}],\"inLanguage\":\"fr-FR\"},{\"@type\":\"Organization\",\"@id\":\"https:\/\/www.hygiene-office.fr\/boutique\/#organization\",\"name\":\"Hygi\u00e8ne Office - La boutique\",\"url\":\"https:\/\/www.hygiene-office.fr\/boutique\/\",\"logo\":{\"@type\":\"ImageObject\",\"inLanguage\":\"fr-FR\",\"@id\":\"https:\/\/www.hygiene-office.fr\/boutique\/#\/schema\/logo\/image\/\",\"url\":\"\",\"contentUrl\":\"\",\"caption\":\"Hygi\u00e8ne Office - La boutique\"},\"image\":{\"@id\":\"https:\/\/www.hygiene-office.fr\/boutique\/#\/schema\/logo\/image\/\"}}]}<\/script>\n<!-- \/ Yoast SEO plugin. -->","yoast_head_json":{"title":"Pince de thermosoudure de 30 cm - Hygi\u00e8ne Office - La boutique","description":"Pince de thermosoudure permettant le scellage de films pour anoxie statique. Longueur de soudage de 30 cm : pour r\u00e9aliser des poches plates grand format.","robots":{"index":"index","follow":"follow","max-snippet":"max-snippet:-1","max-image-preview":"max-image-preview:large","max-video-preview":"max-video-preview:-1"},"canonical":"https:\/\/www.hygiene-office.fr\/boutique\/produit\/pince-de-thermosoudure-de-30-cm\/","og_locale":"fr_FR","og_type":"article","og_title":"Pince de thermosoudure de 30 cm - Hygi\u00e8ne Office - La boutique","og_description":"Pince de thermosoudure permettant le scellage de films pour anoxie statique. Longueur de soudage de 30 cm : pour r\u00e9aliser des poches plates grand format.","og_url":"https:\/\/www.hygiene-office.fr\/boutique\/produit\/pince-de-thermosoudure-de-30-cm\/","og_site_name":"Hygi\u00e8ne Office - La boutique","article_modified_time":"2026-02-13T17:13:26+00:00","og_image":[{"width":667,"height":667,"url":"https:\/\/www.hygiene-office.fr\/boutique\/wp-content\/uploads\/2015\/02\/pince-thermo-soudage.png","type":"image\/png"}],"twitter_misc":{"Dur\u00e9e de lecture estim\u00e9e":"2 minutes"},"schema":{"@context":"https:\/\/schema.org","@graph":[{"@type":"WebPage","@id":"https:\/\/www.hygiene-office.fr\/boutique\/produit\/pince-de-thermosoudure-de-30-cm\/","url":"https:\/\/www.hygiene-office.fr\/boutique\/produit\/pince-de-thermosoudure-de-30-cm\/","name":"Pince de thermosoudure de 30 cm - Hygi\u00e8ne Office - La boutique","isPartOf":{"@id":"https:\/\/www.hygiene-office.fr\/boutique\/#website"},"primaryImageOfPage":{"@id":"https:\/\/www.hygiene-office.fr\/boutique\/produit\/pince-de-thermosoudure-de-30-cm\/#primaryimage"},"image":{"@id":"https:\/\/www.hygiene-office.fr\/boutique\/produit\/pince-de-thermosoudure-de-30-cm\/#primaryimage"},"thumbnailUrl":"https:\/\/www.hygiene-office.fr\/boutique\/wp-content\/uploads\/2015\/02\/pince-thermo-soudage.png","datePublished":"2015-02-05T15:59:59+00:00","dateModified":"2026-02-13T17:13:26+00:00","description":"Pince de thermosoudure permettant le scellage de films pour anoxie statique. Longueur de soudage de 30 cm : pour r\u00e9aliser des poches plates grand format.","breadcrumb":{"@id":"https:\/\/www.hygiene-office.fr\/boutique\/produit\/pince-de-thermosoudure-de-30-cm\/#breadcrumb"},"inLanguage":"fr-FR","potentialAction":[{"@type":"ReadAction","target":["https:\/\/www.hygiene-office.fr\/boutique\/produit\/pince-de-thermosoudure-de-30-cm\/"]}]},{"@type":"ImageObject","inLanguage":"fr-FR","@id":"https:\/\/www.hygiene-office.fr\/boutique\/produit\/pince-de-thermosoudure-de-30-cm\/#primaryimage","url":"https:\/\/www.hygiene-office.fr\/boutique\/wp-content\/uploads\/2015\/02\/pince-thermo-soudage.png","contentUrl":"https:\/\/www.hygiene-office.fr\/boutique\/wp-content\/uploads\/2015\/02\/pince-thermo-soudage.png","width":667,"height":667,"caption":"pince de thermosoudure de 30cm"},{"@type":"BreadcrumbList","@id":"https:\/\/www.hygiene-office.fr\/boutique\/produit\/pince-de-thermosoudure-de-30-cm\/#breadcrumb","itemListElement":[{"@type":"ListItem","position":1,"name":"Accueil","item":"https:\/\/www.hygiene-office.fr\/boutique\/"},{"@type":"ListItem","position":2,"name":"Pince de thermosoudure de 30 cm"}]},{"@type":"WebSite","@id":"https:\/\/www.hygiene-office.fr\/boutique\/#website","url":"https:\/\/www.hygiene-office.fr\/boutique\/","name":"Hygi\u00e8ne Office - La boutique","description":"tous vos produits \u00e0 port\u00e9e de clic","publisher":{"@id":"https:\/\/www.hygiene-office.fr\/boutique\/#organization"},"potentialAction":[{"@type":"SearchAction","target":{"@type":"EntryPoint","urlTemplate":"https:\/\/www.hygiene-office.fr\/boutique\/?s={search_term_string}"},"query-input":{"@type":"PropertyValueSpecification","valueRequired":true,"valueName":"search_term_string"}}],"inLanguage":"fr-FR"},{"@type":"Organization","@id":"https:\/\/www.hygiene-office.fr\/boutique\/#organization","name":"Hygi\u00e8ne Office - La boutique","url":"https:\/\/www.hygiene-office.fr\/boutique\/","logo":{"@type":"ImageObject","inLanguage":"fr-FR","@id":"https:\/\/www.hygiene-office.fr\/boutique\/#\/schema\/logo\/image\/","url":"","contentUrl":"","caption":"Hygi\u00e8ne Office - La boutique"},"image":{"@id":"https:\/\/www.hygiene-office.fr\/boutique\/#\/schema\/logo\/image\/"}}]}},"_links":{"self":[{"href":"https:\/\/www.hygiene-office.fr\/boutique\/wp-json\/wp\/v2\/product\/103","targetHints":{"allow":["GET"]}}],"collection":[{"href":"https:\/\/www.hygiene-office.fr\/boutique\/wp-json\/wp\/v2\/product"}],"about":[{"href":"https:\/\/www.hygiene-office.fr\/boutique\/wp-json\/wp\/v2\/types\/product"}],"wp:featuredmedia":[{"embeddable":true,"href":"https:\/\/www.hygiene-office.fr\/boutique\/wp-json\/wp\/v2\/media\/104"}],"wp:attachment":[{"href":"https:\/\/www.hygiene-office.fr\/boutique\/wp-json\/wp\/v2\/media?parent=103"}],"wp:term":[{"taxonomy":"product_brand","embeddable":true,"href":"https:\/\/www.hygiene-office.fr\/boutique\/wp-json\/wp\/v2\/product_brand?post=103"},{"taxonomy":"product_cat","embeddable":true,"href":"https:\/\/www.hygiene-office.fr\/boutique\/wp-json\/wp\/v2\/product_cat?post=103"},{"taxonomy":"product_tag","embeddable":true,"href":"https:\/\/www.hygiene-office.fr\/boutique\/wp-json\/wp\/v2\/product_tag?post=103"}],"curies":[{"name":"wp","href":"https:\/\/api.w.org\/{rel}","templated":true}]}}