{"id":173,"date":"2016-12-05T11:00:49","date_gmt":"2016-12-05T11:00:49","guid":{"rendered":"https:\/\/www.hygiene-office.fr\/boutique\/?post_type=product&#038;p=173"},"modified":"2024-03-13T13:54:29","modified_gmt":"2024-03-13T13:54:29","slug":"gel-repulsif-anti-pigeon-bird-free","status":"publish","type":"product","link":"https:\/\/www.hygiene-office.fr\/boutique\/produit\/gel-repulsif-anti-pigeon-bird-free\/","title":{"rendered":"Gel repulsif anti pigeon \u00abBird Free\u00bb"},"content":{"rendered":"<h2>Le gel\u00a0 \u00ab\u00a0Bird Free\u00a0\u00bb est un r\u00e9pulsif anti-pigeon<\/h2>\n<p>C\u2019est une innovation technologique hors du commun qu\u2019<strong>Hygi\u00e8ne Office vous propose de mettre \u00e0 votre service\u2026\u2026..une lutte <\/strong>efficace et discr\u00e8te<strong> contre <\/strong>les volatiles et notamment<strong> le pigeon.<\/strong><\/p>\n<p>Dans le cadre de sa contribution \u00e0 la protection de l\u2019habitat, \u00e0 la pr\u00e9servation des monuments et respectant sa politique de \u00ab\u00a0 lutte raisonn\u00e9e\u00a0\u00bb contre les nuisibles, Hygi\u00e8ne Office vous propose aujourd\u2019hui le <strong>Gel Bird Free<\/strong>.<\/p>\n<p>En effet, ce nouveau proc\u00e9d\u00e9 d\u2019\u00e9loignement des volatiles permet de lutter contre pigeons, \u00e9tourneaux, mouettes, etc\u2026 sans les blesser.<\/p>\n<p>Se pr\u00e9sentant sous forme de petites coupelles, ce produit apparait \u00ab\u00a0comme du feu\u00a0\u00bb par reflet des\u00a0rayons UV\u00a0aux pigeons et autres oiseaux et modifie ainsi leur comportement, ils s\u2019\u00e9loignent des structures \u00ab\u00a0trait\u00e9es\u00a0\u00bb. Gr\u00e2ce \u00e0 une action olfactive du produit, l\u2019effet dissuasif est renforc\u00e9\u00a0; les oiseaux quitteront m\u00eame des lieux de nidification anciens.<\/p>\n<p>Cette m\u00e9thode mise au point par des chercheurs cor\u00e9ens, ayant d\u00e9j\u00e0 fait ses preuves, de la Sagrada Familia au ch\u00e2teau de Chambord, elle est facile et rapide \u00e0 installer tout en respectant l\u2019esth\u00e9tisme des b\u00e2timents.<\/p>\n<p>Efficace et discret, il est facile \u00e0 appliquer. Cependant, si vous le souhaitez, nous sommes en mesure de vous proposer cette protection de vos b\u00e2timents contre les volatiles.<\/p>\n<p>Les esp\u00e8ces cibl\u00e9es sont de tailles diff\u00e9rentes ce qui va nous donner l\u2019espacement entre les coupelles. Pour les corneilles, nous vous conseillons d\u2019espacer les coupelles de 30 cm, pour les pigeons et les \u00e9tourneaux de 20cm, et pour les moineaux seulement de 15cm.<\/p>\n<p>Conditionn\u00e9 en carton de 15 coupelles.<\/p>\n<div style=\"width: 640px;\" class=\"wp-video\"><video class=\"wp-video-shortcode\" id=\"video-173-1\" width=\"640\" height=\"360\" preload=\"metadata\" controls=\"controls\"><source type=\"video\/mp4\" src=\"https:\/\/www.hygiene-office.fr\/boutique\/wp-content\/uploads\/2016\/12\/Leffet-dissuasif-de-Bird-Free-Octobre-2013-Vid\u00e9o.mp4?_=1\" \/><a href=\"https:\/\/www.hygiene-office.fr\/boutique\/wp-content\/uploads\/2016\/12\/Leffet-dissuasif-de-Bird-Free-Octobre-2013-Vid\u00e9o.mp4\">https:\/\/www.hygiene-office.fr\/boutique\/wp-content\/uploads\/2016\/12\/Leffet-dissuasif-de-Bird-Free-Octobre-2013-Vid\u00e9o.mp4<\/a><\/video><\/div>\n<p><a href=\"https:\/\/www.hygiene-office.fr\/boutique\/wp-content\/uploads\/2015\/03\/FT-BIRD-FREE-Coupelles.pdf\" target=\"_blank\" rel=\"noopener\"><img loading=\"lazy\" decoding=\"async\" class=\" wp-image-283 alignleft\" src=\"https:\/\/www.hygiene-office.fr\/boutique\/wp-content\/uploads\/2015\/02\/pdf_icon-128x128.png\" alt=\"t\u00e9l\u00e9charger la fiche technique\" width=\"40\" height=\"40\" \/><\/a><a title=\"t\u00e9l\u00e9charger la fiche technique\" href=\"https:\/\/www.hygiene-office.fr\/boutique\/wp-content\/uploads\/2015\/03\/FT-BIRD-FREE-Coupelles.pdf\" target=\"_blank\" rel=\"noopener\">T\u00e9l\u00e9charger la fiche produit.<\/a><\/p>\n<p>&nbsp;<\/p>\n<p>exemples de protection \u00a0<a href=\"https:\/\/www.hygiene-office.fr\/boutique\/wp-content\/uploads\/2015\/02\/Chambre-de-Commerce-de-Calais-1.pdf\">chambre-de-commerce-de-calais-1<\/a>\u00a0;\u00a0<a href=\"https:\/\/www.hygiene-office.fr\/boutique\/wp-content\/uploads\/2015\/02\/Chambre-de-Commerce-de-Calais-2.pdf\">chambre-de-commerce-de-calais-2<\/a>\u00a0;\u00a0<a href=\"https:\/\/www.hygiene-office.fr\/boutique\/wp-content\/uploads\/2015\/02\/Royal-Hotel-\u00e9tude-de-cas.pdf\">royal-hotel-etude-de-cas<\/a><\/p>\n","protected":false},"excerpt":{"rendered":"<p>Nouveau proc\u00e9d\u00e9 d\u2019\u00e9loignement des volatiles permet de lutter contre pigeons, \u00e9tourneaux, mouettes, etc\u2026 sans les blesser.<\/p>\n<p><strong>Rapidit\u00e9 d&rsquo;application, le gel est d\u00e9j\u00e0 dans les coupelles, il n&rsquo;y a pas d&rsquo;autres manipulations n\u00e9cessaires.<\/strong><\/p>\n<p><strong>Carton de 15 coupelles.<\/strong><\/p>\n","protected":false},"featured_media":178,"template":"","meta":{"_et_pb_use_builder":"","_et_pb_old_content":"","_et_gb_content_width":""},"product_brand":[],"product_cat":[63],"product_tag":[113,98,111,95,96,97,112,100,66,64,94,99,65],"class_list":{"0":"post-173","1":"product","2":"type-product","3":"status-publish","4":"has-post-thumbnail","6":"product_cat-eloignement-des-pigeons","7":"product_tag-corneilles","8":"product_tag-coupelles","9":"product_tag-etourneaux","10":"product_tag-hygiene-office","11":"product_tag-lutte","12":"product_tag-lutte-raisonnee","13":"product_tag-moineaux","14":"product_tag-nidification","15":"product_tag-nuisibles","16":"product_tag-pigeons","17":"product_tag-repulsif","18":"product_tag-uv","19":"product_tag-volatiles","21":"first","22":"instock","23":"taxable","24":"shipping-taxable","25":"purchasable","26":"product-type-simple"},"yoast_head":"<!-- This site is optimized with the Yoast SEO plugin v25.6 - https:\/\/yoast.com\/wordpress\/plugins\/seo\/ -->\n<title>Gel repulsif anti pigeon \u00abBird Free\u00bb - Hygi\u00e8ne Office - La boutique<\/title>\n<meta name=\"description\" content=\"Boutique en ligne Hygi\u00e8ne Office proposant un gel r\u00e9pulsif Bird Free anti pigeon et autres volatiles permettant de prot\u00e9ger les b\u00e2timents discr\u00e8tement.\" \/>\n<meta name=\"robots\" content=\"index, follow, max-snippet:-1, max-image-preview:large, max-video-preview:-1\" \/>\n<link rel=\"canonical\" href=\"https:\/\/www.hygiene-office.fr\/boutique\/produit\/gel-repulsif-anti-pigeon-bird-free\/\" \/>\n<meta property=\"og:locale\" content=\"fr_FR\" \/>\n<meta property=\"og:type\" content=\"article\" \/>\n<meta property=\"og:title\" content=\"Gel repulsif anti pigeon \u00abBird Free\u00bb - Hygi\u00e8ne Office - La boutique\" \/>\n<meta property=\"og:description\" content=\"Boutique en ligne Hygi\u00e8ne Office proposant un gel r\u00e9pulsif Bird Free anti pigeon et autres volatiles permettant de prot\u00e9ger les b\u00e2timents discr\u00e8tement.\" \/>\n<meta property=\"og:url\" content=\"https:\/\/www.hygiene-office.fr\/boutique\/produit\/gel-repulsif-anti-pigeon-bird-free\/\" \/>\n<meta property=\"og:site_name\" content=\"Hygi\u00e8ne Office - La boutique\" \/>\n<meta property=\"article:modified_time\" content=\"2024-03-13T13:54:29+00:00\" \/>\n<meta property=\"og:image\" content=\"https:\/\/i2.wp.com\/www.hygiene-office.fr\/boutique\/wp-content\/uploads\/2015\/02\/gel-bird-free-hygiene-office1-e1423653711451.jpg?fit=372%2C372&ssl=1\" \/>\n\t<meta property=\"og:image:width\" content=\"372\" \/>\n\t<meta property=\"og:image:height\" content=\"372\" \/>\n\t<meta property=\"og:image:type\" content=\"image\/jpeg\" \/>\n<meta name=\"twitter:label1\" content=\"Dur\u00e9e de lecture estim\u00e9e\" \/>\n\t<meta name=\"twitter:data1\" content=\"2 minutes\" \/>\n<script type=\"application\/ld+json\" class=\"yoast-schema-graph\">{\"@context\":\"https:\/\/schema.org\",\"@graph\":[{\"@type\":\"WebPage\",\"@id\":\"https:\/\/www.hygiene-office.fr\/boutique\/produit\/gel-repulsif-anti-pigeon-bird-free\/\",\"url\":\"https:\/\/www.hygiene-office.fr\/boutique\/produit\/gel-repulsif-anti-pigeon-bird-free\/\",\"name\":\"Gel repulsif anti pigeon \u00abBird Free\u00bb - Hygi\u00e8ne Office - La boutique\",\"isPartOf\":{\"@id\":\"https:\/\/www.hygiene-office.fr\/boutique\/#website\"},\"primaryImageOfPage\":{\"@id\":\"https:\/\/www.hygiene-office.fr\/boutique\/produit\/gel-repulsif-anti-pigeon-bird-free\/#primaryimage\"},\"image\":{\"@id\":\"https:\/\/www.hygiene-office.fr\/boutique\/produit\/gel-repulsif-anti-pigeon-bird-free\/#primaryimage\"},\"thumbnailUrl\":\"https:\/\/www.hygiene-office.fr\/boutique\/wp-content\/uploads\/2015\/02\/gel-bird-free-hygiene-office1-e1423653711451.jpg\",\"datePublished\":\"2016-12-05T11:00:49+00:00\",\"dateModified\":\"2024-03-13T13:54:29+00:00\",\"description\":\"Boutique en ligne Hygi\u00e8ne Office proposant un gel r\u00e9pulsif Bird Free anti pigeon et autres volatiles permettant de prot\u00e9ger les b\u00e2timents discr\u00e8tement.\",\"breadcrumb\":{\"@id\":\"https:\/\/www.hygiene-office.fr\/boutique\/produit\/gel-repulsif-anti-pigeon-bird-free\/#breadcrumb\"},\"inLanguage\":\"fr-FR\",\"potentialAction\":[{\"@type\":\"ReadAction\",\"target\":[\"https:\/\/www.hygiene-office.fr\/boutique\/produit\/gel-repulsif-anti-pigeon-bird-free\/\"]}]},{\"@type\":\"ImageObject\",\"inLanguage\":\"fr-FR\",\"@id\":\"https:\/\/www.hygiene-office.fr\/boutique\/produit\/gel-repulsif-anti-pigeon-bird-free\/#primaryimage\",\"url\":\"https:\/\/www.hygiene-office.fr\/boutique\/wp-content\/uploads\/2015\/02\/gel-bird-free-hygiene-office1-e1423653711451.jpg\",\"contentUrl\":\"https:\/\/www.hygiene-office.fr\/boutique\/wp-content\/uploads\/2015\/02\/gel-bird-free-hygiene-office1-e1423653711451.jpg\",\"width\":372,\"height\":372,\"caption\":\"une coupelle de gel Bird Free\"},{\"@type\":\"BreadcrumbList\",\"@id\":\"https:\/\/www.hygiene-office.fr\/boutique\/produit\/gel-repulsif-anti-pigeon-bird-free\/#breadcrumb\",\"itemListElement\":[{\"@type\":\"ListItem\",\"position\":1,\"name\":\"Accueil\",\"item\":\"https:\/\/www.hygiene-office.fr\/boutique\/\"},{\"@type\":\"ListItem\",\"position\":2,\"name\":\"Gel repulsif anti pigeon \u00abBird Free\u00bb\"}]},{\"@type\":\"WebSite\",\"@id\":\"https:\/\/www.hygiene-office.fr\/boutique\/#website\",\"url\":\"https:\/\/www.hygiene-office.fr\/boutique\/\",\"name\":\"Hygi\u00e8ne Office - La boutique\",\"description\":\"tous vos produits \u00e0 port\u00e9e de clic\",\"publisher\":{\"@id\":\"https:\/\/www.hygiene-office.fr\/boutique\/#organization\"},\"potentialAction\":[{\"@type\":\"SearchAction\",\"target\":{\"@type\":\"EntryPoint\",\"urlTemplate\":\"https:\/\/www.hygiene-office.fr\/boutique\/?s={search_term_string}\"},\"query-input\":{\"@type\":\"PropertyValueSpecification\",\"valueRequired\":true,\"valueName\":\"search_term_string\"}}],\"inLanguage\":\"fr-FR\"},{\"@type\":\"Organization\",\"@id\":\"https:\/\/www.hygiene-office.fr\/boutique\/#organization\",\"name\":\"Hygi\u00e8ne Office - La boutique\",\"url\":\"https:\/\/www.hygiene-office.fr\/boutique\/\",\"logo\":{\"@type\":\"ImageObject\",\"inLanguage\":\"fr-FR\",\"@id\":\"https:\/\/www.hygiene-office.fr\/boutique\/#\/schema\/logo\/image\/\",\"url\":\"\",\"contentUrl\":\"\",\"caption\":\"Hygi\u00e8ne Office - La boutique\"},\"image\":{\"@id\":\"https:\/\/www.hygiene-office.fr\/boutique\/#\/schema\/logo\/image\/\"}}]}<\/script>\n<!-- \/ Yoast SEO plugin. -->","yoast_head_json":{"title":"Gel repulsif anti pigeon \u00abBird Free\u00bb - Hygi\u00e8ne Office - La boutique","description":"Boutique en ligne Hygi\u00e8ne Office proposant un gel r\u00e9pulsif Bird Free anti pigeon et autres volatiles permettant de prot\u00e9ger les b\u00e2timents discr\u00e8tement.","robots":{"index":"index","follow":"follow","max-snippet":"max-snippet:-1","max-image-preview":"max-image-preview:large","max-video-preview":"max-video-preview:-1"},"canonical":"https:\/\/www.hygiene-office.fr\/boutique\/produit\/gel-repulsif-anti-pigeon-bird-free\/","og_locale":"fr_FR","og_type":"article","og_title":"Gel repulsif anti pigeon \u00abBird Free\u00bb - Hygi\u00e8ne Office - La boutique","og_description":"Boutique en ligne Hygi\u00e8ne Office proposant un gel r\u00e9pulsif Bird Free anti pigeon et autres volatiles permettant de prot\u00e9ger les b\u00e2timents discr\u00e8tement.","og_url":"https:\/\/www.hygiene-office.fr\/boutique\/produit\/gel-repulsif-anti-pigeon-bird-free\/","og_site_name":"Hygi\u00e8ne Office - La boutique","article_modified_time":"2024-03-13T13:54:29+00:00","og_image":[{"width":372,"height":372,"url":"https:\/\/i2.wp.com\/www.hygiene-office.fr\/boutique\/wp-content\/uploads\/2015\/02\/gel-bird-free-hygiene-office1-e1423653711451.jpg?fit=372%2C372&ssl=1","type":"image\/jpeg"}],"twitter_misc":{"Dur\u00e9e de lecture estim\u00e9e":"2 minutes"},"schema":{"@context":"https:\/\/schema.org","@graph":[{"@type":"WebPage","@id":"https:\/\/www.hygiene-office.fr\/boutique\/produit\/gel-repulsif-anti-pigeon-bird-free\/","url":"https:\/\/www.hygiene-office.fr\/boutique\/produit\/gel-repulsif-anti-pigeon-bird-free\/","name":"Gel repulsif anti pigeon \u00abBird Free\u00bb - Hygi\u00e8ne Office - La boutique","isPartOf":{"@id":"https:\/\/www.hygiene-office.fr\/boutique\/#website"},"primaryImageOfPage":{"@id":"https:\/\/www.hygiene-office.fr\/boutique\/produit\/gel-repulsif-anti-pigeon-bird-free\/#primaryimage"},"image":{"@id":"https:\/\/www.hygiene-office.fr\/boutique\/produit\/gel-repulsif-anti-pigeon-bird-free\/#primaryimage"},"thumbnailUrl":"https:\/\/www.hygiene-office.fr\/boutique\/wp-content\/uploads\/2015\/02\/gel-bird-free-hygiene-office1-e1423653711451.jpg","datePublished":"2016-12-05T11:00:49+00:00","dateModified":"2024-03-13T13:54:29+00:00","description":"Boutique en ligne Hygi\u00e8ne Office proposant un gel r\u00e9pulsif Bird Free anti pigeon et autres volatiles permettant de prot\u00e9ger les b\u00e2timents discr\u00e8tement.","breadcrumb":{"@id":"https:\/\/www.hygiene-office.fr\/boutique\/produit\/gel-repulsif-anti-pigeon-bird-free\/#breadcrumb"},"inLanguage":"fr-FR","potentialAction":[{"@type":"ReadAction","target":["https:\/\/www.hygiene-office.fr\/boutique\/produit\/gel-repulsif-anti-pigeon-bird-free\/"]}]},{"@type":"ImageObject","inLanguage":"fr-FR","@id":"https:\/\/www.hygiene-office.fr\/boutique\/produit\/gel-repulsif-anti-pigeon-bird-free\/#primaryimage","url":"https:\/\/www.hygiene-office.fr\/boutique\/wp-content\/uploads\/2015\/02\/gel-bird-free-hygiene-office1-e1423653711451.jpg","contentUrl":"https:\/\/www.hygiene-office.fr\/boutique\/wp-content\/uploads\/2015\/02\/gel-bird-free-hygiene-office1-e1423653711451.jpg","width":372,"height":372,"caption":"une coupelle de gel Bird Free"},{"@type":"BreadcrumbList","@id":"https:\/\/www.hygiene-office.fr\/boutique\/produit\/gel-repulsif-anti-pigeon-bird-free\/#breadcrumb","itemListElement":[{"@type":"ListItem","position":1,"name":"Accueil","item":"https:\/\/www.hygiene-office.fr\/boutique\/"},{"@type":"ListItem","position":2,"name":"Gel repulsif anti pigeon \u00abBird Free\u00bb"}]},{"@type":"WebSite","@id":"https:\/\/www.hygiene-office.fr\/boutique\/#website","url":"https:\/\/www.hygiene-office.fr\/boutique\/","name":"Hygi\u00e8ne Office - La boutique","description":"tous vos produits \u00e0 port\u00e9e de clic","publisher":{"@id":"https:\/\/www.hygiene-office.fr\/boutique\/#organization"},"potentialAction":[{"@type":"SearchAction","target":{"@type":"EntryPoint","urlTemplate":"https:\/\/www.hygiene-office.fr\/boutique\/?s={search_term_string}"},"query-input":{"@type":"PropertyValueSpecification","valueRequired":true,"valueName":"search_term_string"}}],"inLanguage":"fr-FR"},{"@type":"Organization","@id":"https:\/\/www.hygiene-office.fr\/boutique\/#organization","name":"Hygi\u00e8ne Office - La boutique","url":"https:\/\/www.hygiene-office.fr\/boutique\/","logo":{"@type":"ImageObject","inLanguage":"fr-FR","@id":"https:\/\/www.hygiene-office.fr\/boutique\/#\/schema\/logo\/image\/","url":"","contentUrl":"","caption":"Hygi\u00e8ne Office - La boutique"},"image":{"@id":"https:\/\/www.hygiene-office.fr\/boutique\/#\/schema\/logo\/image\/"}}]}},"_links":{"self":[{"href":"https:\/\/www.hygiene-office.fr\/boutique\/wp-json\/wp\/v2\/product\/173","targetHints":{"allow":["GET"]}}],"collection":[{"href":"https:\/\/www.hygiene-office.fr\/boutique\/wp-json\/wp\/v2\/product"}],"about":[{"href":"https:\/\/www.hygiene-office.fr\/boutique\/wp-json\/wp\/v2\/types\/product"}],"wp:featuredmedia":[{"embeddable":true,"href":"https:\/\/www.hygiene-office.fr\/boutique\/wp-json\/wp\/v2\/media\/178"}],"wp:attachment":[{"href":"https:\/\/www.hygiene-office.fr\/boutique\/wp-json\/wp\/v2\/media?parent=173"}],"wp:term":[{"taxonomy":"product_brand","embeddable":true,"href":"https:\/\/www.hygiene-office.fr\/boutique\/wp-json\/wp\/v2\/product_brand?post=173"},{"taxonomy":"product_cat","embeddable":true,"href":"https:\/\/www.hygiene-office.fr\/boutique\/wp-json\/wp\/v2\/product_cat?post=173"},{"taxonomy":"product_tag","embeddable":true,"href":"https:\/\/www.hygiene-office.fr\/boutique\/wp-json\/wp\/v2\/product_tag?post=173"}],"curies":[{"name":"wp","href":"https:\/\/api.w.org\/{rel}","templated":true}]}}