{"id":374,"date":"2015-03-09T14:42:01","date_gmt":"2015-03-09T14:42:01","guid":{"rendered":"https:\/\/www.hygiene-office.fr\/boutique\/?post_type=product&#038;p=374"},"modified":"2026-02-09T15:51:04","modified_gmt":"2026-02-09T15:51:04","slug":"aiguilles-pour-oxymetre","status":"publish","type":"product","link":"https:\/\/www.hygiene-office.fr\/boutique\/produit\/aiguilles-pour-oxymetre\/","title":{"rendered":"Aiguilles pour oxym\u00e8tre (Lot de 5)"},"content":{"rendered":"<h2>Aiguilles de remplacement pour oxym\u00e8tre<\/h2>\n<p>Ces aiguilles sont des consommables des oxym\u00e8tres que nous proposons.<\/p>\n<p>Un oxym\u00e8tre permet le\u00a0contr\u00f4le des bulles d&rsquo;anoxie statique que vous avez cr\u00e9\u00e9es. Pour utiliser un oxym\u00e8tre : Coller une pastille septum sur la bulle d\u2019anoxie et piquer l\u2019aiguille de l\u2019oxym\u00e8tre dans celle-ci afin de prendre la mesure de l\u2019oxyg\u00e8ne, un petit volume d&rsquo;air est pr\u00e9lev\u00e9 et analys\u00e9 directement par l&rsquo;oxym\u00e8tre.<\/p>\n<p>Lorsque l\u2019aiguille est retir\u00e9e, le caoutchouc se r\u00e9tracte au fur et \u00e0 mesure ce qui permet de pr\u00e9server l\u2019\u00e9tanch\u00e9it\u00e9 de la bulle.<\/p>\n<p>Comme il est possible de r\u00e9aliser plusieurs pr\u00e9l\u00e8vements \u00e0 diff\u00e9rents moments du traitement d&rsquo;anoxie statique avec un oxym\u00e8tre portatif, de la colle provenant du septum utilis\u00e9 a tendance \u00e0 se fixer sur l&rsquo;aiguille de l&rsquo;oxym\u00e8tre. Au bout d&rsquo;un moment, l&rsquo;aiguille est donc \u00e0 remplacer.<\/p>\n<p>Nous proposons donc ces consommables par lot de 5 unit\u00e9s. Elles se conservent tr\u00e8s bien durant de nombreux mois dans leur emballage \u00e0 l&rsquo;abri de la poussi\u00e8re.<\/p>\n<p>Decouvrez <a href=\"https:\/\/www.hygiene-office.fr\/boutique\/categorie-produit\/materiel-de-desinsectisation-par-anoxie-statique\/oxymetres-portatifs-o2\/\" target=\"_blank\" rel=\"noopener\">l&rsquo;ensemble de nos oxym\u00e8tres ici.<\/a><\/p>\n<p><strong>Connaissez vous notre site internet d\u00e9di\u00e9 \u00e0 la protection du patrimoine artistique et culturel ? <a class=\"oajrlxb2 g5ia77u1 qu0x051f esr5mh6w e9989ue4 r7d6kgcz rq0escxv nhd2j8a9 nc684nl6 p7hjln8o kvgmc6g5 cxmmr5t8 oygrvhab hcukyx3x jb3vyjys rz4wbd8a qt6c0cv9 a8nywdso i1ao9s8h esuyzwwr f1sip0of lzcic4wl gpro0wi8 py34i1dx\" role=\"link\" href=\"https:\/\/anoxie.fr\/?fbclid=IwAR2WaHWzow4P0C_qyUAEviHmVM_nmRx1o-CsmETw83B4tASbX4q4TSiA_iU\" target=\"_blank\" rel=\"nofollow noopener\">https:\/\/anoxie.fr\/<\/a><\/strong><\/p>\n","protected":false},"excerpt":{"rendered":"<p>Aiguilles de prise de mesure pour oxym\u00e8tres portatifs. Permettent de percer la poche d&rsquo;anoxie statique cr\u00e9\u00e9e tout en gardant son \u00e9tanch\u00e9it\u00e9.<br \/>\nNous proposons ces consommables par lot de 5 unit\u00e9s. Elles se conservent tr\u00e8s bien durant de nombreux mois dans leur emballage \u00e0 l&rsquo;abri de la poussi\u00e8re.<\/p>\n","protected":false},"featured_media":375,"template":"","meta":{"_et_pb_use_builder":"","_et_pb_old_content":"","_et_gb_content_width":""},"product_brand":[],"product_cat":[37,47],"product_tag":[277,44,220,275,49,224,278,276,208],"class_list":{"0":"post-374","1":"product","2":"type-product","3":"status-publish","4":"has-post-thumbnail","6":"product_cat-materiel-de-desinsectisation-par-anoxie-statique","7":"product_cat-oxymetres-portatifs-o2","8":"product_tag-aiguille","9":"product_tag-anoxie","10":"product_tag-etancheite","11":"product_tag-mesure-doxygene","12":"product_tag-oxymetre","13":"product_tag-oxymetre-portatif","14":"product_tag-prelevement","15":"product_tag-preservation-meubles","16":"product_tag-septum","18":"first","19":"instock","20":"taxable","21":"shipping-taxable","22":"purchasable","23":"product-type-simple"},"yoast_head":"<!-- This site is optimized with the Yoast SEO plugin v25.6 - https:\/\/yoast.com\/wordpress\/plugins\/seo\/ -->\n<title>Aiguilles pour oxym\u00e8tre (Lot de 5) - Hygi\u00e8ne Office - La boutique<\/title>\n<meta name=\"description\" content=\"Ces aiguilles sont des consommables pour les oxym\u00e8tre qui permettent le contr\u00f4le des poches d&#039;anoxie statique r\u00e9alis\u00e9es. Elles se remplacent r\u00e9guli\u00e8rement.\" \/>\n<meta name=\"robots\" content=\"index, follow, max-snippet:-1, max-image-preview:large, max-video-preview:-1\" \/>\n<link rel=\"canonical\" href=\"https:\/\/www.hygiene-office.fr\/boutique\/produit\/aiguilles-pour-oxymetre\/\" \/>\n<meta property=\"og:locale\" content=\"fr_FR\" \/>\n<meta property=\"og:type\" content=\"article\" \/>\n<meta property=\"og:title\" content=\"Aiguilles pour oxym\u00e8tre (Lot de 5) - Hygi\u00e8ne Office - La boutique\" \/>\n<meta property=\"og:description\" content=\"Ces aiguilles sont des consommables pour les oxym\u00e8tre qui permettent le contr\u00f4le des poches d&#039;anoxie statique r\u00e9alis\u00e9es. Elles se remplacent r\u00e9guli\u00e8rement.\" \/>\n<meta property=\"og:url\" content=\"https:\/\/www.hygiene-office.fr\/boutique\/produit\/aiguilles-pour-oxymetre\/\" \/>\n<meta property=\"og:site_name\" content=\"Hygi\u00e8ne Office - La boutique\" \/>\n<meta property=\"article:modified_time\" content=\"2026-02-09T15:51:04+00:00\" \/>\n<meta property=\"og:image\" content=\"https:\/\/www.hygiene-office.fr\/boutique\/wp-content\/uploads\/2015\/03\/aiguilles-pour-oxymetres-portatif-hygiene-office.jpg\" \/>\n\t<meta property=\"og:image:width\" content=\"900\" \/>\n\t<meta property=\"og:image:height\" content=\"900\" \/>\n\t<meta property=\"og:image:type\" content=\"image\/jpeg\" \/>\n<meta name=\"twitter:label1\" content=\"Dur\u00e9e de lecture estim\u00e9e\" \/>\n\t<meta name=\"twitter:data1\" content=\"2 minutes\" \/>\n<script type=\"application\/ld+json\" class=\"yoast-schema-graph\">{\"@context\":\"https:\/\/schema.org\",\"@graph\":[{\"@type\":\"WebPage\",\"@id\":\"https:\/\/www.hygiene-office.fr\/boutique\/produit\/aiguilles-pour-oxymetre\/\",\"url\":\"https:\/\/www.hygiene-office.fr\/boutique\/produit\/aiguilles-pour-oxymetre\/\",\"name\":\"Aiguilles pour oxym\u00e8tre (Lot de 5) - Hygi\u00e8ne Office - La boutique\",\"isPartOf\":{\"@id\":\"https:\/\/www.hygiene-office.fr\/boutique\/#website\"},\"primaryImageOfPage\":{\"@id\":\"https:\/\/www.hygiene-office.fr\/boutique\/produit\/aiguilles-pour-oxymetre\/#primaryimage\"},\"image\":{\"@id\":\"https:\/\/www.hygiene-office.fr\/boutique\/produit\/aiguilles-pour-oxymetre\/#primaryimage\"},\"thumbnailUrl\":\"https:\/\/www.hygiene-office.fr\/boutique\/wp-content\/uploads\/2015\/03\/aiguilles-pour-oxymetres-portatif-hygiene-office.jpg\",\"datePublished\":\"2015-03-09T14:42:01+00:00\",\"dateModified\":\"2026-02-09T15:51:04+00:00\",\"description\":\"Ces aiguilles sont des consommables pour les oxym\u00e8tre qui permettent le contr\u00f4le des poches d'anoxie statique r\u00e9alis\u00e9es. Elles se remplacent r\u00e9guli\u00e8rement.\",\"breadcrumb\":{\"@id\":\"https:\/\/www.hygiene-office.fr\/boutique\/produit\/aiguilles-pour-oxymetre\/#breadcrumb\"},\"inLanguage\":\"fr-FR\",\"potentialAction\":[{\"@type\":\"ReadAction\",\"target\":[\"https:\/\/www.hygiene-office.fr\/boutique\/produit\/aiguilles-pour-oxymetre\/\"]}]},{\"@type\":\"ImageObject\",\"inLanguage\":\"fr-FR\",\"@id\":\"https:\/\/www.hygiene-office.fr\/boutique\/produit\/aiguilles-pour-oxymetre\/#primaryimage\",\"url\":\"https:\/\/www.hygiene-office.fr\/boutique\/wp-content\/uploads\/2015\/03\/aiguilles-pour-oxymetres-portatif-hygiene-office.jpg\",\"contentUrl\":\"https:\/\/www.hygiene-office.fr\/boutique\/wp-content\/uploads\/2015\/03\/aiguilles-pour-oxymetres-portatif-hygiene-office.jpg\",\"width\":900,\"height\":900,\"caption\":\"aiguilles pour oxymetres portatif\"},{\"@type\":\"BreadcrumbList\",\"@id\":\"https:\/\/www.hygiene-office.fr\/boutique\/produit\/aiguilles-pour-oxymetre\/#breadcrumb\",\"itemListElement\":[{\"@type\":\"ListItem\",\"position\":1,\"name\":\"Accueil\",\"item\":\"https:\/\/www.hygiene-office.fr\/boutique\/\"},{\"@type\":\"ListItem\",\"position\":2,\"name\":\"Aiguilles pour oxym\u00e8tre (Lot de 5)\"}]},{\"@type\":\"WebSite\",\"@id\":\"https:\/\/www.hygiene-office.fr\/boutique\/#website\",\"url\":\"https:\/\/www.hygiene-office.fr\/boutique\/\",\"name\":\"Hygi\u00e8ne Office - La boutique\",\"description\":\"tous vos produits \u00e0 port\u00e9e de clic\",\"publisher\":{\"@id\":\"https:\/\/www.hygiene-office.fr\/boutique\/#organization\"},\"potentialAction\":[{\"@type\":\"SearchAction\",\"target\":{\"@type\":\"EntryPoint\",\"urlTemplate\":\"https:\/\/www.hygiene-office.fr\/boutique\/?s={search_term_string}\"},\"query-input\":{\"@type\":\"PropertyValueSpecification\",\"valueRequired\":true,\"valueName\":\"search_term_string\"}}],\"inLanguage\":\"fr-FR\"},{\"@type\":\"Organization\",\"@id\":\"https:\/\/www.hygiene-office.fr\/boutique\/#organization\",\"name\":\"Hygi\u00e8ne Office - La boutique\",\"url\":\"https:\/\/www.hygiene-office.fr\/boutique\/\",\"logo\":{\"@type\":\"ImageObject\",\"inLanguage\":\"fr-FR\",\"@id\":\"https:\/\/www.hygiene-office.fr\/boutique\/#\/schema\/logo\/image\/\",\"url\":\"\",\"contentUrl\":\"\",\"caption\":\"Hygi\u00e8ne Office - La boutique\"},\"image\":{\"@id\":\"https:\/\/www.hygiene-office.fr\/boutique\/#\/schema\/logo\/image\/\"}}]}<\/script>\n<!-- \/ Yoast SEO plugin. -->","yoast_head_json":{"title":"Aiguilles pour oxym\u00e8tre (Lot de 5) - Hygi\u00e8ne Office - La boutique","description":"Ces aiguilles sont des consommables pour les oxym\u00e8tre qui permettent le contr\u00f4le des poches d'anoxie statique r\u00e9alis\u00e9es. Elles se remplacent r\u00e9guli\u00e8rement.","robots":{"index":"index","follow":"follow","max-snippet":"max-snippet:-1","max-image-preview":"max-image-preview:large","max-video-preview":"max-video-preview:-1"},"canonical":"https:\/\/www.hygiene-office.fr\/boutique\/produit\/aiguilles-pour-oxymetre\/","og_locale":"fr_FR","og_type":"article","og_title":"Aiguilles pour oxym\u00e8tre (Lot de 5) - Hygi\u00e8ne Office - La boutique","og_description":"Ces aiguilles sont des consommables pour les oxym\u00e8tre qui permettent le contr\u00f4le des poches d'anoxie statique r\u00e9alis\u00e9es. Elles se remplacent r\u00e9guli\u00e8rement.","og_url":"https:\/\/www.hygiene-office.fr\/boutique\/produit\/aiguilles-pour-oxymetre\/","og_site_name":"Hygi\u00e8ne Office - La boutique","article_modified_time":"2026-02-09T15:51:04+00:00","og_image":[{"width":900,"height":900,"url":"https:\/\/www.hygiene-office.fr\/boutique\/wp-content\/uploads\/2015\/03\/aiguilles-pour-oxymetres-portatif-hygiene-office.jpg","type":"image\/jpeg"}],"twitter_misc":{"Dur\u00e9e de lecture estim\u00e9e":"2 minutes"},"schema":{"@context":"https:\/\/schema.org","@graph":[{"@type":"WebPage","@id":"https:\/\/www.hygiene-office.fr\/boutique\/produit\/aiguilles-pour-oxymetre\/","url":"https:\/\/www.hygiene-office.fr\/boutique\/produit\/aiguilles-pour-oxymetre\/","name":"Aiguilles pour oxym\u00e8tre (Lot de 5) - Hygi\u00e8ne Office - La boutique","isPartOf":{"@id":"https:\/\/www.hygiene-office.fr\/boutique\/#website"},"primaryImageOfPage":{"@id":"https:\/\/www.hygiene-office.fr\/boutique\/produit\/aiguilles-pour-oxymetre\/#primaryimage"},"image":{"@id":"https:\/\/www.hygiene-office.fr\/boutique\/produit\/aiguilles-pour-oxymetre\/#primaryimage"},"thumbnailUrl":"https:\/\/www.hygiene-office.fr\/boutique\/wp-content\/uploads\/2015\/03\/aiguilles-pour-oxymetres-portatif-hygiene-office.jpg","datePublished":"2015-03-09T14:42:01+00:00","dateModified":"2026-02-09T15:51:04+00:00","description":"Ces aiguilles sont des consommables pour les oxym\u00e8tre qui permettent le contr\u00f4le des poches d'anoxie statique r\u00e9alis\u00e9es. Elles se remplacent r\u00e9guli\u00e8rement.","breadcrumb":{"@id":"https:\/\/www.hygiene-office.fr\/boutique\/produit\/aiguilles-pour-oxymetre\/#breadcrumb"},"inLanguage":"fr-FR","potentialAction":[{"@type":"ReadAction","target":["https:\/\/www.hygiene-office.fr\/boutique\/produit\/aiguilles-pour-oxymetre\/"]}]},{"@type":"ImageObject","inLanguage":"fr-FR","@id":"https:\/\/www.hygiene-office.fr\/boutique\/produit\/aiguilles-pour-oxymetre\/#primaryimage","url":"https:\/\/www.hygiene-office.fr\/boutique\/wp-content\/uploads\/2015\/03\/aiguilles-pour-oxymetres-portatif-hygiene-office.jpg","contentUrl":"https:\/\/www.hygiene-office.fr\/boutique\/wp-content\/uploads\/2015\/03\/aiguilles-pour-oxymetres-portatif-hygiene-office.jpg","width":900,"height":900,"caption":"aiguilles pour oxymetres portatif"},{"@type":"BreadcrumbList","@id":"https:\/\/www.hygiene-office.fr\/boutique\/produit\/aiguilles-pour-oxymetre\/#breadcrumb","itemListElement":[{"@type":"ListItem","position":1,"name":"Accueil","item":"https:\/\/www.hygiene-office.fr\/boutique\/"},{"@type":"ListItem","position":2,"name":"Aiguilles pour oxym\u00e8tre (Lot de 5)"}]},{"@type":"WebSite","@id":"https:\/\/www.hygiene-office.fr\/boutique\/#website","url":"https:\/\/www.hygiene-office.fr\/boutique\/","name":"Hygi\u00e8ne Office - La boutique","description":"tous vos produits \u00e0 port\u00e9e de clic","publisher":{"@id":"https:\/\/www.hygiene-office.fr\/boutique\/#organization"},"potentialAction":[{"@type":"SearchAction","target":{"@type":"EntryPoint","urlTemplate":"https:\/\/www.hygiene-office.fr\/boutique\/?s={search_term_string}"},"query-input":{"@type":"PropertyValueSpecification","valueRequired":true,"valueName":"search_term_string"}}],"inLanguage":"fr-FR"},{"@type":"Organization","@id":"https:\/\/www.hygiene-office.fr\/boutique\/#organization","name":"Hygi\u00e8ne Office - La boutique","url":"https:\/\/www.hygiene-office.fr\/boutique\/","logo":{"@type":"ImageObject","inLanguage":"fr-FR","@id":"https:\/\/www.hygiene-office.fr\/boutique\/#\/schema\/logo\/image\/","url":"","contentUrl":"","caption":"Hygi\u00e8ne Office - La boutique"},"image":{"@id":"https:\/\/www.hygiene-office.fr\/boutique\/#\/schema\/logo\/image\/"}}]}},"_links":{"self":[{"href":"https:\/\/www.hygiene-office.fr\/boutique\/wp-json\/wp\/v2\/product\/374","targetHints":{"allow":["GET"]}}],"collection":[{"href":"https:\/\/www.hygiene-office.fr\/boutique\/wp-json\/wp\/v2\/product"}],"about":[{"href":"https:\/\/www.hygiene-office.fr\/boutique\/wp-json\/wp\/v2\/types\/product"}],"wp:featuredmedia":[{"embeddable":true,"href":"https:\/\/www.hygiene-office.fr\/boutique\/wp-json\/wp\/v2\/media\/375"}],"wp:attachment":[{"href":"https:\/\/www.hygiene-office.fr\/boutique\/wp-json\/wp\/v2\/media?parent=374"}],"wp:term":[{"taxonomy":"product_brand","embeddable":true,"href":"https:\/\/www.hygiene-office.fr\/boutique\/wp-json\/wp\/v2\/product_brand?post=374"},{"taxonomy":"product_cat","embeddable":true,"href":"https:\/\/www.hygiene-office.fr\/boutique\/wp-json\/wp\/v2\/product_cat?post=374"},{"taxonomy":"product_tag","embeddable":true,"href":"https:\/\/www.hygiene-office.fr\/boutique\/wp-json\/wp\/v2\/product_tag?post=374"}],"curies":[{"name":"wp","href":"https:\/\/api.w.org\/{rel}","templated":true}]}}