{"id":96,"date":"2015-02-05T15:06:08","date_gmt":"2015-02-05T15:06:08","guid":{"rendered":"https:\/\/www.hygiene-office.fr\/boutique\/?post_type=product&#038;p=96"},"modified":"2026-02-13T17:15:23","modified_gmt":"2026-02-13T17:15:23","slug":"pochette-50-unites-absorbeurs-doxygene-atco-ftm-1000","status":"publish","type":"product","link":"https:\/\/www.hygiene-office.fr\/boutique\/produit\/pochette-50-unites-absorbeurs-doxygene-atco-ftm-1000\/","title":{"rendered":"Pochette 50 unit\u00e9s &#8211; absorbeur d&rsquo;oxyg\u00e8ne ATCO FTM 1000"},"content":{"rendered":"<p style=\"text-align: right\">Pour atteindre un taux d\u2019oxyg\u00e8ne nul lors d\u2019une anoxie statique, gage de r\u00e9ussite de votre d\u00e9sinsectisation, Hygi\u00e8ne Office vous propose ces absorbeurs d\u2019oxyg\u00e8ne FTM 1000.\u00a0Lorsque vous vous appr\u00eatez \u00e0 terminer votre bulle d\u2019anoxie, ouvrez une ou plusieurs pochettes (en fonction du volume trait\u00e9) et disposez les absorbeurs dans la bulle, sans les chevaucher dans la mesure du possible. Les absorbeurs ACTO FTM 1000 permettent d\u2019atteindre <strong>un taux d\u2019oxyg\u00e8ne inf\u00e9rieur \u00e0 0,1 % en 48 heures<\/strong> \u00e0 temp\u00e9rature ambiante (20\u00b0C). L\u2019absorption d\u00e9bute d\u00e8s l\u2019ouverture de la pochette.<\/p>\n<p>Les pochettes sont livr\u00e9es sous vide partiel.<\/p>\n<p>Vous avez une bulle d\u2019anoxie \u00e0 faire et vous ne savez pas si vous allez en refaire une dans les prochaines semaines\u00a0: vous pouvez acheter le bon nombre de pochettes d\u2019absorbeurs d&rsquo;oxyg\u00e8ne au lieu d\u2019acheter un carton entier.<\/p>\n<p>Vous ne savez pas calculer le nombre d&rsquo;absorbeurs qu&rsquo;il vous faut? T\u00e9l\u00e9charger\u00a0<a href=\"https:\/\/www.hygiene-office.fr\/boutique\/wp-content\/uploads\/2015\/02\/calcul-absorbeurs-FTM1000.pdf\">calcul absorbeurs FTM1000<\/a><\/p>\n<p>Une pochette contient 50 absorbeurs et permet de traiter un volume de 0,25m3.<\/p>\n<p>consultez notre <a href=\"https:\/\/www.hygiene-office.fr\/boutique\/wp-content\/uploads\/2015\/02\/Fiche-Technique-ACTO-1000.pdf\" target=\"_blank\" rel=\"noopener\">fiche technique des absorbeurs d&rsquo;oxyg\u00e8ne<\/a><\/p>\n<p>&nbsp;<\/p>\n<p>Un absorbeur d&rsquo;oxyg\u00e8ne se met dans une poche d&rsquo;anoxie. En fonction du volume de la poche, il faudra calculer le nombre d&rsquo;absorbeurs. L&rsquo;<a href=\"https:\/\/anoxie.fr\/anoxie-statique\/\">anoxie statique<\/a> est une technique de d\u00e9sinsectisation tr\u00e8s appr\u00e9ci\u00e9e.\u00a0\u00a0Il faut compter 21 jours pour que l\u2019\u0153uvre soit d\u00e9sinsectis\u00e9e.<\/p>\n<p>&nbsp;<\/p>\n<p><strong>Connaissez vous notre site internet d\u00e9di\u00e9 \u00e0 la protection du patrimoine artistique et culturel ? <a class=\"oajrlxb2 g5ia77u1 qu0x051f esr5mh6w e9989ue4 r7d6kgcz rq0escxv nhd2j8a9 nc684nl6 p7hjln8o kvgmc6g5 cxmmr5t8 oygrvhab hcukyx3x jb3vyjys rz4wbd8a qt6c0cv9 a8nywdso i1ao9s8h esuyzwwr f1sip0of lzcic4wl gpro0wi8 py34i1dx\" role=\"link\" href=\"https:\/\/anoxie.fr\/?fbclid=IwAR2WaHWzow4P0C_qyUAEviHmVM_nmRx1o-CsmETw83B4tASbX4q4TSiA_iU\" target=\"_blank\" rel=\"nofollow noopener\">https:\/\/anoxie.fr\/<\/a><\/strong><\/p>\n","protected":false},"excerpt":{"rendered":"<p>Hygi\u00e8ne Office vous propose de vous \u00e9quiper pour faire vous m\u00eame votre <strong>d\u00e9sinsectisation par anoxie statique<\/strong>. Faire une bulle avec <a href=\"http:\/\/www.hygiene-office.fr\/boutique\/categorie-produit\/materiel-de-desinsectisation-par-anoxie-statique\/films-thermosoudables\/\" target=\"_blank\" rel=\"noopener\">des films\u00a0<\/a>; utiliser <a href=\"http:\/\/www.hygiene-office.fr\/boutique\/categorie-produit\/materiel-de-desinsectisation-par-anoxie-statique\/pinces-thermo-soudantes\/\" target=\"_blank\" rel=\"noopener\">une pince thermosoudable<\/a>; et y ajouter des absorbeurs d&rsquo;oxyg\u00e8ne.<\/p>\n<p>Pochette de 50 unit\u00e9s d&rsquo;absorbeurs d&rsquo;oxyg\u00e8ne pour n&rsquo;acheter que la quantit\u00e9 d\u00e9sir\u00e9e.La pochette de 50 unit\u00e9s\u00a0permet de traiter un volume de 0,25m3.<\/p>\n","protected":false},"featured_media":95,"template":"","meta":{"_et_pb_use_builder":"","_et_pb_old_content":"","_et_gb_content_width":""},"product_brand":[],"product_cat":[38,37],"product_tag":[39,143,44,85,76,69,147,151,40,153,152],"class_list":{"0":"post-96","1":"product","2":"type-product","3":"status-publish","4":"has-post-thumbnail","6":"product_cat-absorbeurs-doxygene-atco-ftm-1000","7":"product_cat-materiel-de-desinsectisation-par-anoxie-statique","8":"product_tag-absorbeur","9":"product_tag-acto","10":"product_tag-anoxie","11":"product_tag-bulle","12":"product_tag-desinsectisation","13":"product_tag-film","14":"product_tag-ftm-1000","15":"product_tag-ftm1000","16":"product_tag-oxygene","17":"product_tag-pince-thermosoudable","18":"product_tag-poche","20":"first","21":"instock","22":"taxable","23":"shipping-taxable","24":"purchasable","25":"product-type-simple"},"yoast_head":"<!-- This site is optimized with the Yoast SEO plugin v25.6 - https:\/\/yoast.com\/wordpress\/plugins\/seo\/ -->\n<title>Pochette 50 unit\u00e9s - absorbeur d&#039;oxyg\u00e8ne ATCO FTM 1000 - Hygi\u00e8ne Office - La boutique<\/title>\n<meta name=\"description\" content=\"Absorbeur d&#039;oxyg\u00e8ne. Pour d\u00e9sinsectiser un objet Hygi\u00e8ne Office vous propose des pochettes d&#039;absorbeurs d&#039;oxyg\u00e8ne \u00e0 l&#039;unit\u00e9 pour ne vous vendre que ce dont vous avez besoin.\" \/>\n<meta name=\"robots\" content=\"index, follow, max-snippet:-1, max-image-preview:large, max-video-preview:-1\" \/>\n<link rel=\"canonical\" href=\"https:\/\/www.hygiene-office.fr\/boutique\/produit\/pochette-50-unites-absorbeurs-doxygene-atco-ftm-1000\/\" \/>\n<meta property=\"og:locale\" content=\"fr_FR\" \/>\n<meta property=\"og:type\" content=\"article\" \/>\n<meta property=\"og:title\" content=\"Pochette 50 unit\u00e9s - absorbeur d&#039;oxyg\u00e8ne ATCO FTM 1000 - Hygi\u00e8ne Office - La boutique\" \/>\n<meta property=\"og:description\" content=\"Absorbeur d&#039;oxyg\u00e8ne. Pour d\u00e9sinsectiser un objet Hygi\u00e8ne Office vous propose des pochettes d&#039;absorbeurs d&#039;oxyg\u00e8ne \u00e0 l&#039;unit\u00e9 pour ne vous vendre que ce dont vous avez besoin.\" \/>\n<meta property=\"og:url\" content=\"https:\/\/www.hygiene-office.fr\/boutique\/produit\/pochette-50-unites-absorbeurs-doxygene-atco-ftm-1000\/\" \/>\n<meta property=\"og:site_name\" content=\"Hygi\u00e8ne Office - La boutique\" \/>\n<meta property=\"article:modified_time\" content=\"2026-02-13T17:15:23+00:00\" \/>\n<meta property=\"og:image\" content=\"https:\/\/www.hygiene-office.fr\/boutique\/wp-content\/uploads\/2015\/02\/carton-absorbeur-oxygene.png\" \/>\n\t<meta property=\"og:image:width\" content=\"503\" \/>\n\t<meta property=\"og:image:height\" content=\"503\" \/>\n\t<meta property=\"og:image:type\" content=\"image\/png\" \/>\n<meta name=\"twitter:label1\" content=\"Dur\u00e9e de lecture estim\u00e9e\" \/>\n\t<meta name=\"twitter:data1\" content=\"2 minutes\" \/>\n<script type=\"application\/ld+json\" class=\"yoast-schema-graph\">{\"@context\":\"https:\/\/schema.org\",\"@graph\":[{\"@type\":\"WebPage\",\"@id\":\"https:\/\/www.hygiene-office.fr\/boutique\/produit\/pochette-50-unites-absorbeurs-doxygene-atco-ftm-1000\/\",\"url\":\"https:\/\/www.hygiene-office.fr\/boutique\/produit\/pochette-50-unites-absorbeurs-doxygene-atco-ftm-1000\/\",\"name\":\"Pochette 50 unit\u00e9s - absorbeur d'oxyg\u00e8ne ATCO FTM 1000 - Hygi\u00e8ne Office - La boutique\",\"isPartOf\":{\"@id\":\"https:\/\/www.hygiene-office.fr\/boutique\/#website\"},\"primaryImageOfPage\":{\"@id\":\"https:\/\/www.hygiene-office.fr\/boutique\/produit\/pochette-50-unites-absorbeurs-doxygene-atco-ftm-1000\/#primaryimage\"},\"image\":{\"@id\":\"https:\/\/www.hygiene-office.fr\/boutique\/produit\/pochette-50-unites-absorbeurs-doxygene-atco-ftm-1000\/#primaryimage\"},\"thumbnailUrl\":\"https:\/\/www.hygiene-office.fr\/boutique\/wp-content\/uploads\/2015\/02\/carton-absorbeur-oxygene.png\",\"datePublished\":\"2015-02-05T15:06:08+00:00\",\"dateModified\":\"2026-02-13T17:15:23+00:00\",\"description\":\"Absorbeur d'oxyg\u00e8ne. Pour d\u00e9sinsectiser un objet Hygi\u00e8ne Office vous propose des pochettes d'absorbeurs d'oxyg\u00e8ne \u00e0 l'unit\u00e9 pour ne vous vendre que ce dont vous avez besoin.\",\"breadcrumb\":{\"@id\":\"https:\/\/www.hygiene-office.fr\/boutique\/produit\/pochette-50-unites-absorbeurs-doxygene-atco-ftm-1000\/#breadcrumb\"},\"inLanguage\":\"fr-FR\",\"potentialAction\":[{\"@type\":\"ReadAction\",\"target\":[\"https:\/\/www.hygiene-office.fr\/boutique\/produit\/pochette-50-unites-absorbeurs-doxygene-atco-ftm-1000\/\"]}]},{\"@type\":\"ImageObject\",\"inLanguage\":\"fr-FR\",\"@id\":\"https:\/\/www.hygiene-office.fr\/boutique\/produit\/pochette-50-unites-absorbeurs-doxygene-atco-ftm-1000\/#primaryimage\",\"url\":\"https:\/\/www.hygiene-office.fr\/boutique\/wp-content\/uploads\/2015\/02\/carton-absorbeur-oxygene.png\",\"contentUrl\":\"https:\/\/www.hygiene-office.fr\/boutique\/wp-content\/uploads\/2015\/02\/carton-absorbeur-oxygene.png\",\"width\":503,\"height\":503,\"caption\":\"carton absorbeur oxygene\"},{\"@type\":\"BreadcrumbList\",\"@id\":\"https:\/\/www.hygiene-office.fr\/boutique\/produit\/pochette-50-unites-absorbeurs-doxygene-atco-ftm-1000\/#breadcrumb\",\"itemListElement\":[{\"@type\":\"ListItem\",\"position\":1,\"name\":\"Accueil\",\"item\":\"https:\/\/www.hygiene-office.fr\/boutique\/\"},{\"@type\":\"ListItem\",\"position\":2,\"name\":\"Pochette 50 unit\u00e9s &#8211; absorbeur d&rsquo;oxyg\u00e8ne ATCO FTM 1000\"}]},{\"@type\":\"WebSite\",\"@id\":\"https:\/\/www.hygiene-office.fr\/boutique\/#website\",\"url\":\"https:\/\/www.hygiene-office.fr\/boutique\/\",\"name\":\"Hygi\u00e8ne Office - La boutique\",\"description\":\"tous vos produits \u00e0 port\u00e9e de clic\",\"publisher\":{\"@id\":\"https:\/\/www.hygiene-office.fr\/boutique\/#organization\"},\"potentialAction\":[{\"@type\":\"SearchAction\",\"target\":{\"@type\":\"EntryPoint\",\"urlTemplate\":\"https:\/\/www.hygiene-office.fr\/boutique\/?s={search_term_string}\"},\"query-input\":{\"@type\":\"PropertyValueSpecification\",\"valueRequired\":true,\"valueName\":\"search_term_string\"}}],\"inLanguage\":\"fr-FR\"},{\"@type\":\"Organization\",\"@id\":\"https:\/\/www.hygiene-office.fr\/boutique\/#organization\",\"name\":\"Hygi\u00e8ne Office - La boutique\",\"url\":\"https:\/\/www.hygiene-office.fr\/boutique\/\",\"logo\":{\"@type\":\"ImageObject\",\"inLanguage\":\"fr-FR\",\"@id\":\"https:\/\/www.hygiene-office.fr\/boutique\/#\/schema\/logo\/image\/\",\"url\":\"\",\"contentUrl\":\"\",\"caption\":\"Hygi\u00e8ne Office - La boutique\"},\"image\":{\"@id\":\"https:\/\/www.hygiene-office.fr\/boutique\/#\/schema\/logo\/image\/\"}}]}<\/script>\n<!-- \/ Yoast SEO plugin. -->","yoast_head_json":{"title":"Pochette 50 unit\u00e9s - absorbeur d'oxyg\u00e8ne ATCO FTM 1000 - Hygi\u00e8ne Office - La boutique","description":"Absorbeur d'oxyg\u00e8ne. Pour d\u00e9sinsectiser un objet Hygi\u00e8ne Office vous propose des pochettes d'absorbeurs d'oxyg\u00e8ne \u00e0 l'unit\u00e9 pour ne vous vendre que ce dont vous avez besoin.","robots":{"index":"index","follow":"follow","max-snippet":"max-snippet:-1","max-image-preview":"max-image-preview:large","max-video-preview":"max-video-preview:-1"},"canonical":"https:\/\/www.hygiene-office.fr\/boutique\/produit\/pochette-50-unites-absorbeurs-doxygene-atco-ftm-1000\/","og_locale":"fr_FR","og_type":"article","og_title":"Pochette 50 unit\u00e9s - absorbeur d'oxyg\u00e8ne ATCO FTM 1000 - Hygi\u00e8ne Office - La boutique","og_description":"Absorbeur d'oxyg\u00e8ne. Pour d\u00e9sinsectiser un objet Hygi\u00e8ne Office vous propose des pochettes d'absorbeurs d'oxyg\u00e8ne \u00e0 l'unit\u00e9 pour ne vous vendre que ce dont vous avez besoin.","og_url":"https:\/\/www.hygiene-office.fr\/boutique\/produit\/pochette-50-unites-absorbeurs-doxygene-atco-ftm-1000\/","og_site_name":"Hygi\u00e8ne Office - La boutique","article_modified_time":"2026-02-13T17:15:23+00:00","og_image":[{"width":503,"height":503,"url":"https:\/\/www.hygiene-office.fr\/boutique\/wp-content\/uploads\/2015\/02\/carton-absorbeur-oxygene.png","type":"image\/png"}],"twitter_misc":{"Dur\u00e9e de lecture estim\u00e9e":"2 minutes"},"schema":{"@context":"https:\/\/schema.org","@graph":[{"@type":"WebPage","@id":"https:\/\/www.hygiene-office.fr\/boutique\/produit\/pochette-50-unites-absorbeurs-doxygene-atco-ftm-1000\/","url":"https:\/\/www.hygiene-office.fr\/boutique\/produit\/pochette-50-unites-absorbeurs-doxygene-atco-ftm-1000\/","name":"Pochette 50 unit\u00e9s - absorbeur d'oxyg\u00e8ne ATCO FTM 1000 - Hygi\u00e8ne Office - La boutique","isPartOf":{"@id":"https:\/\/www.hygiene-office.fr\/boutique\/#website"},"primaryImageOfPage":{"@id":"https:\/\/www.hygiene-office.fr\/boutique\/produit\/pochette-50-unites-absorbeurs-doxygene-atco-ftm-1000\/#primaryimage"},"image":{"@id":"https:\/\/www.hygiene-office.fr\/boutique\/produit\/pochette-50-unites-absorbeurs-doxygene-atco-ftm-1000\/#primaryimage"},"thumbnailUrl":"https:\/\/www.hygiene-office.fr\/boutique\/wp-content\/uploads\/2015\/02\/carton-absorbeur-oxygene.png","datePublished":"2015-02-05T15:06:08+00:00","dateModified":"2026-02-13T17:15:23+00:00","description":"Absorbeur d'oxyg\u00e8ne. Pour d\u00e9sinsectiser un objet Hygi\u00e8ne Office vous propose des pochettes d'absorbeurs d'oxyg\u00e8ne \u00e0 l'unit\u00e9 pour ne vous vendre que ce dont vous avez besoin.","breadcrumb":{"@id":"https:\/\/www.hygiene-office.fr\/boutique\/produit\/pochette-50-unites-absorbeurs-doxygene-atco-ftm-1000\/#breadcrumb"},"inLanguage":"fr-FR","potentialAction":[{"@type":"ReadAction","target":["https:\/\/www.hygiene-office.fr\/boutique\/produit\/pochette-50-unites-absorbeurs-doxygene-atco-ftm-1000\/"]}]},{"@type":"ImageObject","inLanguage":"fr-FR","@id":"https:\/\/www.hygiene-office.fr\/boutique\/produit\/pochette-50-unites-absorbeurs-doxygene-atco-ftm-1000\/#primaryimage","url":"https:\/\/www.hygiene-office.fr\/boutique\/wp-content\/uploads\/2015\/02\/carton-absorbeur-oxygene.png","contentUrl":"https:\/\/www.hygiene-office.fr\/boutique\/wp-content\/uploads\/2015\/02\/carton-absorbeur-oxygene.png","width":503,"height":503,"caption":"carton absorbeur oxygene"},{"@type":"BreadcrumbList","@id":"https:\/\/www.hygiene-office.fr\/boutique\/produit\/pochette-50-unites-absorbeurs-doxygene-atco-ftm-1000\/#breadcrumb","itemListElement":[{"@type":"ListItem","position":1,"name":"Accueil","item":"https:\/\/www.hygiene-office.fr\/boutique\/"},{"@type":"ListItem","position":2,"name":"Pochette 50 unit\u00e9s &#8211; absorbeur d&rsquo;oxyg\u00e8ne ATCO FTM 1000"}]},{"@type":"WebSite","@id":"https:\/\/www.hygiene-office.fr\/boutique\/#website","url":"https:\/\/www.hygiene-office.fr\/boutique\/","name":"Hygi\u00e8ne Office - La boutique","description":"tous vos produits \u00e0 port\u00e9e de clic","publisher":{"@id":"https:\/\/www.hygiene-office.fr\/boutique\/#organization"},"potentialAction":[{"@type":"SearchAction","target":{"@type":"EntryPoint","urlTemplate":"https:\/\/www.hygiene-office.fr\/boutique\/?s={search_term_string}"},"query-input":{"@type":"PropertyValueSpecification","valueRequired":true,"valueName":"search_term_string"}}],"inLanguage":"fr-FR"},{"@type":"Organization","@id":"https:\/\/www.hygiene-office.fr\/boutique\/#organization","name":"Hygi\u00e8ne Office - La boutique","url":"https:\/\/www.hygiene-office.fr\/boutique\/","logo":{"@type":"ImageObject","inLanguage":"fr-FR","@id":"https:\/\/www.hygiene-office.fr\/boutique\/#\/schema\/logo\/image\/","url":"","contentUrl":"","caption":"Hygi\u00e8ne Office - La boutique"},"image":{"@id":"https:\/\/www.hygiene-office.fr\/boutique\/#\/schema\/logo\/image\/"}}]}},"_links":{"self":[{"href":"https:\/\/www.hygiene-office.fr\/boutique\/wp-json\/wp\/v2\/product\/96","targetHints":{"allow":["GET"]}}],"collection":[{"href":"https:\/\/www.hygiene-office.fr\/boutique\/wp-json\/wp\/v2\/product"}],"about":[{"href":"https:\/\/www.hygiene-office.fr\/boutique\/wp-json\/wp\/v2\/types\/product"}],"wp:featuredmedia":[{"embeddable":true,"href":"https:\/\/www.hygiene-office.fr\/boutique\/wp-json\/wp\/v2\/media\/95"}],"wp:attachment":[{"href":"https:\/\/www.hygiene-office.fr\/boutique\/wp-json\/wp\/v2\/media?parent=96"}],"wp:term":[{"taxonomy":"product_brand","embeddable":true,"href":"https:\/\/www.hygiene-office.fr\/boutique\/wp-json\/wp\/v2\/product_brand?post=96"},{"taxonomy":"product_cat","embeddable":true,"href":"https:\/\/www.hygiene-office.fr\/boutique\/wp-json\/wp\/v2\/product_cat?post=96"},{"taxonomy":"product_tag","embeddable":true,"href":"https:\/\/www.hygiene-office.fr\/boutique\/wp-json\/wp\/v2\/product_tag?post=96"}],"curies":[{"name":"wp","href":"https:\/\/api.w.org\/{rel}","templated":true}]}}